{"id":4245,"date":"2018-02-12T17:24:35","date_gmt":"2018-02-12T16:24:35","guid":{"rendered":"https:\/\/www.chateau-calissanne.fr\/schloss-calissanne\/cave-vinification\/"},"modified":"2018-05-09T17:10:59","modified_gmt":"2018-05-09T15:10:59","slug":"kellerei-gaerung","status":"publish","type":"page","link":"https:\/\/www.chateau-calissanne.fr\/de\/schloss-calissanne\/kellerei-gaerung\/","title":{"rendered":"Kellerei &#038; G\u00e4rung"},"content":{"rendered":"<p>[et_pb_section fb_built=&#8220;1&#8243; fullwidth=&#8220;on&#8220; _builder_version=&#8220;3.0.101&#8243; custom_padding=&#8220;0px|0px|0px|0px&#8220;][et_pb_fullwidth_slider show_arrows=&#8220;off&#8220; show_pagination=&#8220;off&#8220; admin_label=&#8220;Curseur de d\u00e9filement plein \u00e9cran&#8220; _builder_version=&#8220;3.0.106&#8243; custom_padding=&#8220;15em||10em|&#8220;][et_pb_slide heading=&#8220;Kellerei &amp; G\u00e4rung&#8220; use_bg_overlay=&#8220;on&#8220; bg_overlay_color=&#8220;rgba(0,0,0,0.3)&#8220; use_text_overlay=&#8220;off&#8220; _builder_version=&#8220;3.0.106&#8243; background_image=&#8220;https:\/\/www.chateau-calissanne.fr\/wp-content\/uploads\/2018\/03\/CALISSANNE_CaveetVinification.jpg&#8220; custom_button=&#8220;off&#8220; button_on_hover=&#8220;on&#8220;][\/et_pb_slide][\/et_pb_fullwidth_slider][\/et_pb_section][et_pb_section fb_built=&#8220;1&#8243; custom_padding_last_edited=&#8220;on|desktop&#8220; _builder_version=&#8220;3.0.106&#8243; custom_padding=&#8220;54px|0px|0|0px&#8220; custom_padding_phone=&#8220;15px|0px|0px|0px&#8220;][et_pb_row _builder_version=&#8220;3.0.106&#8243;][et_pb_column type=&#8220;4_4&#8243; _builder_version=&#8220;3.0.106&#8243; parallax=&#8220;off&#8220; parallax_method=&#8220;on&#8220;][et_pb_text _builder_version=&#8220;3.0.106&#8243; header_font=&#8220;||||||||&#8220; header_3_font=&#8220;||||||||&#8220; header_3_font_size_phone=&#8220;20px&#8220; header_3_font_size_last_edited=&#8220;on|phone&#8220;]<\/p>\n<h3 style=\"text-align: center;\">Die vollkommene Kontrolle \u00fcber die K\u00fchlkette ab dem Einbringen der Ernte bis zur Auslieferung der Weine sowie der Erwerb neuer Inertgas-Pressausr\u00fcstungen (luftgesch\u00fctzt) machen aus unserer Kellerei ein besonders leistungsstarkes Instrument.<\/h3>\n<p>[\/et_pb_text][\/et_pb_column][\/et_pb_row][\/et_pb_section][et_pb_section fb_built=&#8220;1&#8243; _builder_version=&#8220;3.0.47&#8243; custom_padding=&#8220;0|0px|54px|0px&#8220;][et_pb_row _builder_version=&#8220;3.0.47&#8243; background_size=&#8220;initial&#8220; background_position=&#8220;top_left&#8220; background_repeat=&#8220;repeat&#8220;][et_pb_column type=&#8220;1_2&#8243; _builder_version=&#8220;3.0.47&#8243; parallax=&#8220;off&#8220; parallax_method=&#8220;on&#8220;][et_pb_text _builder_version=&#8220;3.0.106&#8243;]<\/p>\n<p style=\"text-align: justify;\">In der vollst\u00e4ndig klimatisierten G\u00e4rungskellerei mit einer Kapazit\u00e4t von 250 F\u00e4ssern lagern in 225- und 400-Liter-F\u00e4ssern die Jahrg\u00e4nge \u201eClos Victoire\u201d und \u201eRocher Rouge\u201d, die bis zu 16 Monaten g\u00e4ren m\u00fcssen.<\/p>\n<p>[\/et_pb_text][\/et_pb_column][et_pb_column type=&#8220;1_2&#8243; _builder_version=&#8220;3.0.47&#8243; parallax=&#8220;off&#8220; parallax_method=&#8220;on&#8220;][et_pb_text _builder_version=&#8220;3.0.106&#8243;]<\/p>\n<p style=\"text-align: justify;\">Das Holz f\u00fcr die F\u00e4sser wird in Calissanne nach sehr strikten Kriterien gesondert f\u00fcr jede Rebsorte einzeln ausgesucht.<br \/>\nF\u00fcr die Cabernet-Traube ben\u00f6tigen wir auf eine gr\u00f6\u00dfere Zufuhr von W\u00e4rme. Unser Ziel besteht darin, f\u00fcr die Weine Clos Victoire, Epidaure und Rocher Rouge ein ausgewogenes Gleichgewicht zwischen den f\u00fcr die Region typischen Aromen, den Tanninen und der S\u00fc\u00dfe hinzubekommen.<br \/>\nF\u00fcr fruchtige und vollmundige Weine bevorzugen wir Mischungen aus Syrah und Grenache-Trauben, die wir auf ausgew\u00e4hlten Parzellen und mit traditionellen G\u00e4rungsverfahren herstellen.<br \/>\nF\u00fcr sie ist die Suche nach Ausgewogenheit und seidiger Gaumenfreude noch nicht abgeschlossen.<br \/>\nDie Flaschenabf\u00fcllung erfolgt im Schloss.<\/p>\n<p>[\/et_pb_text][\/et_pb_column][\/et_pb_row][\/et_pb_section][et_pb_section fb_built=&#8220;1&#8243; _builder_version=&#8220;3.0.106&#8243; custom_margin=&#8220;|||&#8220; custom_padding=&#8220;0px|0px|0px|0px&#8220; top_divider_style=&#8220;slant2&#8243; top_divider_color=&#8220;#ffffff&#8220; top_divider_arrangement=&#8220;above_content&#8220;][et_pb_row make_fullwidth=&#8220;on&#8220; use_custom_gutter=&#8220;on&#8220; gutter_width=&#8220;1&#8243; custom_padding=&#8220;0px|0px|0px|0px&#8220; custom_margin=&#8220;0px|0px|0px|0px&#8220; make_equal=&#8220;on&#8220; bg_img_1=&#8220;https:\/\/www.chateau-calissanne.fr\/wp-content\/uploads\/2018\/03\/CALISSANNE_CaveetVinification_1.jpg&#8220; bg_img_2=&#8220;https:\/\/www.chateau-calissanne.fr\/wp-content\/uploads\/2018\/03\/CALISSANNE_CaveetVinification_2.jpg&#8220; bg_img_3=&#8220;https:\/\/www.chateau-calissanne.fr\/wp-content\/uploads\/2018\/03\/CALISSANNE_CaveetVinification_3.jpg&#8220; bg_img_4=&#8220;https:\/\/www.chateau-calissanne.fr\/wp-content\/uploads\/2018\/03\/CALISSANNE_BandeauOppidum_2.jpg&#8220; padding_top_1=&#8220;0px&#8220; padding_right_1=&#8220;0px&#8220; padding_bottom_1=&#8220;0px&#8220; padding_left_1=&#8220;0px&#8220; padding_top_2=&#8220;0px&#8220; padding_right_2=&#8220;0px&#8220; padding_bottom_2=&#8220;0px&#8220; padding_left_2=&#8220;0px&#8220; padding_top_3=&#8220;0px&#8220; padding_right_3=&#8220;0px&#8220; padding_bottom_3=&#8220;0px&#8220; padding_left_3=&#8220;0px&#8220; padding_top_4=&#8220;0px&#8220; padding_right_4=&#8220;0px&#8220; padding_bottom_4=&#8220;0px&#8220; padding_left_4=&#8220;0px&#8220; background_size_1=&#8220;cover&#8220; background_size_2=&#8220;cover&#8220; background_repeat_1=&#8220;repeat&#8220; _builder_version=&#8220;3.0.106&#8243; custom_css_main_element=&#8220;min-height: 400px;||height: 400px;&#8220;][et_pb_column type=&#8220;1_2&#8243; _builder_version=&#8220;3.0.47&#8243; padding_bottom=&#8220;0px&#8220; padding_left=&#8220;0px&#8220; padding_right=&#8220;0px&#8220; padding_top=&#8220;0px&#8220; bg_img=&#8220;https:\/\/www.chateau-calissanne.fr\/wp-content\/uploads\/2018\/03\/CALISSANNE_CaveetVinification_1.jpg&#8220; parallax=&#8220;off&#8220; parallax_method=&#8220;on&#8220; background_size=&#8220;cover&#8220; background_repeat=&#8220;repeat&#8220;][\/et_pb_column][et_pb_column type=&#8220;1_4&#8243; _builder_version=&#8220;3.0.47&#8243; padding_bottom=&#8220;0px&#8220; padding_left=&#8220;0px&#8220; padding_right=&#8220;0px&#8220; padding_top=&#8220;0px&#8220; bg_img=&#8220;https:\/\/www.chateau-calissanne.fr\/wp-content\/uploads\/2018\/03\/CALISSANNE_CaveetVinification_2.jpg&#8220; parallax=&#8220;off&#8220; parallax_method=&#8220;on&#8220; background_size=&#8220;cover&#8220;][et_pb_image _builder_version=&#8220;3.0.101&#8243;][\/et_pb_image][\/et_pb_column][et_pb_column type=&#8220;1_4&#8243; _builder_version=&#8220;3.0.47&#8243; padding_bottom=&#8220;0px&#8220; padding_left=&#8220;0px&#8220; padding_right=&#8220;0px&#8220; padding_top=&#8220;0px&#8220; bg_img=&#8220;https:\/\/www.chateau-calissanne.fr\/wp-content\/uploads\/2018\/03\/CALISSANNE_CaveetVinification_3.jpg&#8220; parallax=&#8220;off&#8220; parallax_method=&#8220;on&#8220;][\/et_pb_column][\/et_pb_row][\/et_pb_section]<\/p>\n","protected":false},"excerpt":{"rendered":"<p>Die vollkommene Kontrolle \u00fcber die K\u00fchlkette ab dem Einbringen der Ernte bis zur Auslieferung der Weine sowie der Erwerb neuer Inertgas-Pressausr\u00fcstungen (luftgesch\u00fctzt) machen aus unserer Kellerei ein besonders leistungsstarkes Instrument. In der vollst\u00e4ndig klimatisierten G\u00e4rungskellerei mit einer Kapazit\u00e4t von 250 F\u00e4ssern lagern in 225- und 400-Liter-F\u00e4ssern die Jahrg\u00e4nge \u201eClos Victoire\u201d und \u201eRocher Rouge\u201d, die bis [&hellip;]<\/p>\n","protected":false},"author":1,"featured_media":0,"parent":4230,"menu_order":0,"comment_status":"closed","ping_status":"closed","template":"","meta":{"_acf_changed":false,"_et_pb_use_builder":"on","_et_pb_old_content":"","_et_gb_content_width":"","inline_featured_image":false,"footnotes":""},"class_list":["post-4245","page","type-page","status-publish","hentry"],"acf":[],"yoast_head":"<!-- This site is optimized with the Yoast SEO plugin v25.4 - https:\/\/yoast.com\/wordpress\/plugins\/seo\/ -->\n<title>Kellerei &amp; G\u00e4rung - Ch\u00e2teau Calissanne | Huiles &amp; Vins de Provence<\/title>\n<meta name=\"description\" content=\"De la r\u00e9ception de la vendanges \u00e0 l&#039;exp\u00e9dition des bouteilles, l&#039;ensemble du process de vinification du Ch\u00e2teau Calissanne est maitris\u00e9, d\u00e9couvrez nos techniques de vinifications.\" \/>\n<meta name=\"robots\" content=\"index, follow, max-snippet:-1, max-image-preview:large, max-video-preview:-1\" \/>\n<link rel=\"canonical\" href=\"https:\/\/www.chateau-calissanne.fr\/de\/schloss-calissanne\/kellerei-gaerung\/\" \/>\n<meta property=\"og:locale\" content=\"de_DE\" \/>\n<meta property=\"og:type\" content=\"article\" \/>\n<meta property=\"og:title\" content=\"Kellerei &amp; G\u00e4rung - Ch\u00e2teau Calissanne | Huiles &amp; Vins de Provence\" \/>\n<meta property=\"og:description\" content=\"De la r\u00e9ception de la vendanges \u00e0 l&#039;exp\u00e9dition des bouteilles, l&#039;ensemble du process de vinification du Ch\u00e2teau Calissanne est maitris\u00e9, d\u00e9couvrez nos techniques de vinifications.\" \/>\n<meta property=\"og:url\" content=\"https:\/\/www.chateau-calissanne.fr\/de\/schloss-calissanne\/kellerei-gaerung\/\" \/>\n<meta property=\"og:site_name\" content=\"Ch\u00e2teau Calissanne | Huiles &amp; Vins de Provence\" \/>\n<meta property=\"article:modified_time\" content=\"2018-05-09T15:10:59+00:00\" \/>\n<meta name=\"twitter:card\" content=\"summary_large_image\" \/>\n<meta name=\"twitter:label1\" content=\"Gesch\u00e4tzte Lesezeit\" \/>\n\t<meta name=\"twitter:data1\" content=\"4\u00a0Minuten\" \/>\n<script type=\"application\/ld+json\" class=\"yoast-schema-graph\">{\"@context\":\"https:\/\/schema.org\",\"@graph\":[{\"@type\":\"WebPage\",\"@id\":\"https:\/\/www.chateau-calissanne.fr\/de\/schloss-calissanne\/kellerei-gaerung\/\",\"url\":\"https:\/\/www.chateau-calissanne.fr\/de\/schloss-calissanne\/kellerei-gaerung\/\",\"name\":\"Kellerei & G\u00e4rung - Ch\u00e2teau Calissanne | Huiles &amp; Vins de Provence\",\"isPartOf\":{\"@id\":\"https:\/\/www.chateau-calissanne.fr\/#website\"},\"datePublished\":\"2018-02-12T16:24:35+00:00\",\"dateModified\":\"2018-05-09T15:10:59+00:00\",\"description\":\"De la r\u00e9ception de la vendanges \u00e0 l'exp\u00e9dition des bouteilles, l'ensemble du process de vinification du Ch\u00e2teau Calissanne est maitris\u00e9, d\u00e9couvrez nos techniques de vinifications.\",\"breadcrumb\":{\"@id\":\"https:\/\/www.chateau-calissanne.fr\/de\/schloss-calissanne\/kellerei-gaerung\/#breadcrumb\"},\"inLanguage\":\"de\",\"potentialAction\":[{\"@type\":\"ReadAction\",\"target\":[\"https:\/\/www.chateau-calissanne.fr\/de\/schloss-calissanne\/kellerei-gaerung\/\"]}]},{\"@type\":\"BreadcrumbList\",\"@id\":\"https:\/\/www.chateau-calissanne.fr\/de\/schloss-calissanne\/kellerei-gaerung\/#breadcrumb\",\"itemListElement\":[{\"@type\":\"ListItem\",\"position\":1,\"name\":\"Accueil\",\"item\":\"https:\/\/www.chateau-calissanne.fr\/de\/\"},{\"@type\":\"ListItem\",\"position\":2,\"name\":\"Ch\u00e2teau Calissanne\",\"item\":\"https:\/\/www.chateau-calissanne.fr\/de\/schloss-calissanne\/\"},{\"@type\":\"ListItem\",\"position\":3,\"name\":\"Kellerei &#038; G\u00e4rung\"}]},{\"@type\":\"WebSite\",\"@id\":\"https:\/\/www.chateau-calissanne.fr\/#website\",\"url\":\"https:\/\/www.chateau-calissanne.fr\/\",\"name\":\"Ch\u00e2teau Calissanne | Huiles &amp; Vins de Provence\",\"description\":\"Huiles &amp; Vin de Provence\",\"publisher\":{\"@id\":\"https:\/\/www.chateau-calissanne.fr\/#organization\"},\"potentialAction\":[{\"@type\":\"SearchAction\",\"target\":{\"@type\":\"EntryPoint\",\"urlTemplate\":\"https:\/\/www.chateau-calissanne.fr\/?s={search_term_string}\"},\"query-input\":{\"@type\":\"PropertyValueSpecification\",\"valueRequired\":true,\"valueName\":\"search_term_string\"}}],\"inLanguage\":\"de\"},{\"@type\":\"Organization\",\"@id\":\"https:\/\/www.chateau-calissanne.fr\/#organization\",\"name\":\"Ch\u00e2teau Calissanne\",\"url\":\"https:\/\/www.chateau-calissanne.fr\/\",\"logo\":{\"@type\":\"ImageObject\",\"inLanguage\":\"de\",\"@id\":\"https:\/\/www.chateau-calissanne.fr\/#\/schema\/logo\/image\/\",\"url\":\"https:\/\/www.chateau-calissanne.fr\/wp-content\/uploads\/2021\/11\/chateau-calissanne-logo-calissanne.svg\",\"contentUrl\":\"https:\/\/www.chateau-calissanne.fr\/wp-content\/uploads\/2021\/11\/chateau-calissanne-logo-calissanne.svg\",\"width\":\"1024\",\"height\":\"1024\",\"caption\":\"Ch\u00e2teau Calissanne\"},\"image\":{\"@id\":\"https:\/\/www.chateau-calissanne.fr\/#\/schema\/logo\/image\/\"}}]}<\/script>\n<!-- \/ Yoast SEO plugin. -->","yoast_head_json":{"title":"Kellerei & G\u00e4rung - Ch\u00e2teau Calissanne | Huiles &amp; Vins de Provence","description":"De la r\u00e9ception de la vendanges \u00e0 l'exp\u00e9dition des bouteilles, l'ensemble du process de vinification du Ch\u00e2teau Calissanne est maitris\u00e9, d\u00e9couvrez nos techniques de vinifications.","robots":{"index":"index","follow":"follow","max-snippet":"max-snippet:-1","max-image-preview":"max-image-preview:large","max-video-preview":"max-video-preview:-1"},"canonical":"https:\/\/www.chateau-calissanne.fr\/de\/schloss-calissanne\/kellerei-gaerung\/","og_locale":"de_DE","og_type":"article","og_title":"Kellerei & G\u00e4rung - Ch\u00e2teau Calissanne | Huiles &amp; Vins de Provence","og_description":"De la r\u00e9ception de la vendanges \u00e0 l'exp\u00e9dition des bouteilles, l'ensemble du process de vinification du Ch\u00e2teau Calissanne est maitris\u00e9, d\u00e9couvrez nos techniques de vinifications.","og_url":"https:\/\/www.chateau-calissanne.fr\/de\/schloss-calissanne\/kellerei-gaerung\/","og_site_name":"Ch\u00e2teau Calissanne | Huiles &amp; Vins de Provence","article_modified_time":"2018-05-09T15:10:59+00:00","twitter_card":"summary_large_image","twitter_misc":{"Gesch\u00e4tzte Lesezeit":"4\u00a0Minuten"},"schema":{"@context":"https:\/\/schema.org","@graph":[{"@type":"WebPage","@id":"https:\/\/www.chateau-calissanne.fr\/de\/schloss-calissanne\/kellerei-gaerung\/","url":"https:\/\/www.chateau-calissanne.fr\/de\/schloss-calissanne\/kellerei-gaerung\/","name":"Kellerei & G\u00e4rung - Ch\u00e2teau Calissanne | Huiles &amp; Vins de Provence","isPartOf":{"@id":"https:\/\/www.chateau-calissanne.fr\/#website"},"datePublished":"2018-02-12T16:24:35+00:00","dateModified":"2018-05-09T15:10:59+00:00","description":"De la r\u00e9ception de la vendanges \u00e0 l'exp\u00e9dition des bouteilles, l'ensemble du process de vinification du Ch\u00e2teau Calissanne est maitris\u00e9, d\u00e9couvrez nos techniques de vinifications.","breadcrumb":{"@id":"https:\/\/www.chateau-calissanne.fr\/de\/schloss-calissanne\/kellerei-gaerung\/#breadcrumb"},"inLanguage":"de","potentialAction":[{"@type":"ReadAction","target":["https:\/\/www.chateau-calissanne.fr\/de\/schloss-calissanne\/kellerei-gaerung\/"]}]},{"@type":"BreadcrumbList","@id":"https:\/\/www.chateau-calissanne.fr\/de\/schloss-calissanne\/kellerei-gaerung\/#breadcrumb","itemListElement":[{"@type":"ListItem","position":1,"name":"Accueil","item":"https:\/\/www.chateau-calissanne.fr\/de\/"},{"@type":"ListItem","position":2,"name":"Ch\u00e2teau Calissanne","item":"https:\/\/www.chateau-calissanne.fr\/de\/schloss-calissanne\/"},{"@type":"ListItem","position":3,"name":"Kellerei &#038; G\u00e4rung"}]},{"@type":"WebSite","@id":"https:\/\/www.chateau-calissanne.fr\/#website","url":"https:\/\/www.chateau-calissanne.fr\/","name":"Ch\u00e2teau Calissanne | Huiles &amp; Vins de Provence","description":"Huiles &amp; Vin de Provence","publisher":{"@id":"https:\/\/www.chateau-calissanne.fr\/#organization"},"potentialAction":[{"@type":"SearchAction","target":{"@type":"EntryPoint","urlTemplate":"https:\/\/www.chateau-calissanne.fr\/?s={search_term_string}"},"query-input":{"@type":"PropertyValueSpecification","valueRequired":true,"valueName":"search_term_string"}}],"inLanguage":"de"},{"@type":"Organization","@id":"https:\/\/www.chateau-calissanne.fr\/#organization","name":"Ch\u00e2teau Calissanne","url":"https:\/\/www.chateau-calissanne.fr\/","logo":{"@type":"ImageObject","inLanguage":"de","@id":"https:\/\/www.chateau-calissanne.fr\/#\/schema\/logo\/image\/","url":"https:\/\/www.chateau-calissanne.fr\/wp-content\/uploads\/2021\/11\/chateau-calissanne-logo-calissanne.svg","contentUrl":"https:\/\/www.chateau-calissanne.fr\/wp-content\/uploads\/2021\/11\/chateau-calissanne-logo-calissanne.svg","width":"1024","height":"1024","caption":"Ch\u00e2teau Calissanne"},"image":{"@id":"https:\/\/www.chateau-calissanne.fr\/#\/schema\/logo\/image\/"}}]}},"_links":{"self":[{"href":"https:\/\/www.chateau-calissanne.fr\/de\/wp-json\/wp\/v2\/pages\/4245","targetHints":{"allow":["GET"]}}],"collection":[{"href":"https:\/\/www.chateau-calissanne.fr\/de\/wp-json\/wp\/v2\/pages"}],"about":[{"href":"https:\/\/www.chateau-calissanne.fr\/de\/wp-json\/wp\/v2\/types\/page"}],"author":[{"embeddable":true,"href":"https:\/\/www.chateau-calissanne.fr\/de\/wp-json\/wp\/v2\/users\/1"}],"replies":[{"embeddable":true,"href":"https:\/\/www.chateau-calissanne.fr\/de\/wp-json\/wp\/v2\/comments?post=4245"}],"version-history":[{"count":3,"href":"https:\/\/www.chateau-calissanne.fr\/de\/wp-json\/wp\/v2\/pages\/4245\/revisions"}],"predecessor-version":[{"id":4250,"href":"https:\/\/www.chateau-calissanne.fr\/de\/wp-json\/wp\/v2\/pages\/4245\/revisions\/4250"}],"up":[{"embeddable":true,"href":"https:\/\/www.chateau-calissanne.fr\/de\/wp-json\/wp\/v2\/pages\/4230"}],"wp:attachment":[{"href":"https:\/\/www.chateau-calissanne.fr\/de\/wp-json\/wp\/v2\/media?parent=4245"}],"curies":[{"name":"wp","href":"https:\/\/api.w.org\/{rel}","templated":true}]}}