{"id":4277,"date":"2018-02-12T17:25:21","date_gmt":"2018-02-12T16:25:21","guid":{"rendered":"https:\/\/www.chateau-calissanne.fr\/schloss-calissanne\/cultures-cerealieres\/"},"modified":"2018-05-09T17:10:38","modified_gmt":"2018-05-09T15:10:38","slug":"getreideanbau","status":"publish","type":"page","link":"https:\/\/www.chateau-calissanne.fr\/de\/schloss-calissanne\/getreideanbau\/","title":{"rendered":"Getreideanbau"},"content":{"rendered":"<p>[et_pb_section fb_built=&#8220;1&#8243; fullwidth=&#8220;on&#8220; _builder_version=&#8220;3.0.101&#8243; custom_padding=&#8220;0px|0px|0px|0px&#8220;][et_pb_fullwidth_slider show_arrows=&#8220;off&#8220; show_pagination=&#8220;off&#8220; admin_label=&#8220;Curseur de d\u00e9filement plein \u00e9cran&#8220; _builder_version=&#8220;3.0.106&#8243; custom_padding=&#8220;15em||10em|&#8220;][et_pb_slide heading=&#8220;Getreideanbau&#8220; use_bg_overlay=&#8220;on&#8220; bg_overlay_color=&#8220;rgba(0,0,0,0.3)&#8220; use_text_overlay=&#8220;off&#8220; _builder_version=&#8220;3.0.106&#8243; background_image=&#8220;https:\/\/www.chateau-calissanne.fr\/wp-content\/uploads\/2018\/03\/CALISSANNE_BandeauLuzerne.jpg&#8220; custom_button=&#8220;off&#8220; button_on_hover=&#8220;on&#8220;]F\u00fcr die Sicherstellung einer qualitativ hochwertigen Ern\u00e4hrung und die Aufwertung der Anbaufl\u00e4chen im S\u00fcden des Landguts.<br \/>\n[\/et_pb_slide][\/et_pb_fullwidth_slider][\/et_pb_section][et_pb_section fb_built=&#8220;1&#8243; background_color=&#8220;#ece9e6&#8243; custom_padding_last_edited=&#8220;on|desktop&#8220; _builder_version=&#8220;3.0.106&#8243; custom_margin_phone=&#8220;0px|||&#8220; custom_margin_last_edited=&#8220;off|desktop&#8220; custom_padding=&#8220;|10%|33px|10%&#8220; custom_padding_phone=&#8220;0px|0px|0px|0px&#8220;][et_pb_row custom_padding=&#8220;27px|0px|27px|0px&#8220; padding_right_1=&#8220;6%&#8220; padding_left_1=&#8220;6%&#8220; _builder_version=&#8220;3.0.106&#8243;][et_pb_column type=&#8220;4_4&#8243; _builder_version=&#8220;3.0.47&#8243; padding_left=&#8220;6%&#8220; padding_right=&#8220;6%&#8220; parallax=&#8220;off&#8220; parallax_method=&#8220;on&#8220;][et_pb_text _builder_version=&#8220;3.0.106&#8243; header_font=&#8220;||||||||&#8220; header_4_font=&#8220;||||||||&#8220; header_4_font_size_phone=&#8220;20px&#8220; header_4_font_size_last_edited=&#8220;on|desktop&#8220;]<\/p>\n<h4 style=\"text-align: center;\">Wir haben ein Programm zum Anbau von Getreide konzipiert, das die Herstellung von Weizen, Tierfutterpflanzen und hochwertigem Luzerneheu aufwertet und f\u00f6rdert. Unsere Anbaupraktiken stellen einen aktiven Beitrag zur Biodiversit\u00e4t des Schlosses von Calissanne dar.<\/h4>\n<p>[\/et_pb_text][\/et_pb_column][\/et_pb_row][\/et_pb_section][et_pb_section fb_built=&#8220;1&#8243; custom_padding_last_edited=&#8220;on|desktop&#8220; _builder_version=&#8220;3.0.106&#8243; custom_padding=&#8220;38px|0px|54px|0px&#8220; custom_padding_phone=&#8220;15px|0px|54px|0px&#8220;][\/et_pb_section]<\/p>\n","protected":false},"excerpt":{"rendered":"<p>F\u00fcr die Sicherstellung einer qualitativ hochwertigen Ern\u00e4hrung und die Aufwertung der Anbaufl\u00e4chen im S\u00fcden des Landguts. Wir haben ein Programm zum Anbau von Getreide konzipiert, das die Herstellung von Weizen, Tierfutterpflanzen und hochwertigem Luzerneheu aufwertet und f\u00f6rdert. Unsere Anbaupraktiken stellen einen aktiven Beitrag zur Biodiversit\u00e4t des Schlosses von Calissanne dar.<\/p>\n","protected":false},"author":1,"featured_media":0,"parent":4230,"menu_order":0,"comment_status":"closed","ping_status":"closed","template":"","meta":{"_acf_changed":false,"_et_pb_use_builder":"on","_et_pb_old_content":"","_et_gb_content_width":"","inline_featured_image":false,"footnotes":""},"class_list":["post-4277","page","type-page","status-publish","hentry"],"acf":[],"yoast_head":"<!-- This site is optimized with the Yoast SEO plugin v25.4 - https:\/\/yoast.com\/wordpress\/plugins\/seo\/ -->\n<title>Les cultures c\u00e9r\u00e9ali\u00e8res locales - Ch\u00e2teau Calissanne<\/title>\n<meta name=\"description\" content=\"Sur les 1 200 hectares de territoires, le Ch\u00e2teau Calissanne a mis en place un programme de culture c\u00e9r\u00e9ali\u00e8res pour valoriser l&#039;agriculture locale et la production de c\u00e9r\u00e9ales locales.\" \/>\n<meta name=\"robots\" content=\"index, follow, max-snippet:-1, max-image-preview:large, max-video-preview:-1\" \/>\n<link rel=\"canonical\" href=\"https:\/\/www.chateau-calissanne.fr\/de\/schloss-calissanne\/getreideanbau\/\" \/>\n<meta property=\"og:locale\" content=\"de_DE\" \/>\n<meta property=\"og:type\" content=\"article\" \/>\n<meta property=\"og:title\" content=\"Les cultures c\u00e9r\u00e9ali\u00e8res locales - Ch\u00e2teau Calissanne\" \/>\n<meta property=\"og:description\" content=\"Sur les 1 200 hectares de territoires, le Ch\u00e2teau Calissanne a mis en place un programme de culture c\u00e9r\u00e9ali\u00e8res pour valoriser l&#039;agriculture locale et la production de c\u00e9r\u00e9ales locales.\" \/>\n<meta property=\"og:url\" content=\"https:\/\/www.chateau-calissanne.fr\/de\/schloss-calissanne\/getreideanbau\/\" \/>\n<meta property=\"og:site_name\" content=\"Ch\u00e2teau Calissanne | Huiles &amp; Vins de Provence\" \/>\n<meta property=\"article:modified_time\" content=\"2018-05-09T15:10:38+00:00\" \/>\n<meta name=\"twitter:card\" content=\"summary_large_image\" \/>\n<meta name=\"twitter:label1\" content=\"Gesch\u00e4tzte Lesezeit\" \/>\n\t<meta name=\"twitter:data1\" content=\"1\u00a0Minute\" \/>\n<script type=\"application\/ld+json\" class=\"yoast-schema-graph\">{\"@context\":\"https:\/\/schema.org\",\"@graph\":[{\"@type\":\"WebPage\",\"@id\":\"https:\/\/www.chateau-calissanne.fr\/de\/schloss-calissanne\/getreideanbau\/\",\"url\":\"https:\/\/www.chateau-calissanne.fr\/de\/schloss-calissanne\/getreideanbau\/\",\"name\":\"Les cultures c\u00e9r\u00e9ali\u00e8res locales - Ch\u00e2teau Calissanne\",\"isPartOf\":{\"@id\":\"https:\/\/www.chateau-calissanne.fr\/#website\"},\"datePublished\":\"2018-02-12T16:25:21+00:00\",\"dateModified\":\"2018-05-09T15:10:38+00:00\",\"description\":\"Sur les 1 200 hectares de territoires, le Ch\u00e2teau Calissanne a mis en place un programme de culture c\u00e9r\u00e9ali\u00e8res pour valoriser l'agriculture locale et la production de c\u00e9r\u00e9ales locales.\",\"breadcrumb\":{\"@id\":\"https:\/\/www.chateau-calissanne.fr\/de\/schloss-calissanne\/getreideanbau\/#breadcrumb\"},\"inLanguage\":\"de\",\"potentialAction\":[{\"@type\":\"ReadAction\",\"target\":[\"https:\/\/www.chateau-calissanne.fr\/de\/schloss-calissanne\/getreideanbau\/\"]}]},{\"@type\":\"BreadcrumbList\",\"@id\":\"https:\/\/www.chateau-calissanne.fr\/de\/schloss-calissanne\/getreideanbau\/#breadcrumb\",\"itemListElement\":[{\"@type\":\"ListItem\",\"position\":1,\"name\":\"Accueil\",\"item\":\"https:\/\/www.chateau-calissanne.fr\/de\/\"},{\"@type\":\"ListItem\",\"position\":2,\"name\":\"Ch\u00e2teau Calissanne\",\"item\":\"https:\/\/www.chateau-calissanne.fr\/de\/schloss-calissanne\/\"},{\"@type\":\"ListItem\",\"position\":3,\"name\":\"Getreideanbau\"}]},{\"@type\":\"WebSite\",\"@id\":\"https:\/\/www.chateau-calissanne.fr\/#website\",\"url\":\"https:\/\/www.chateau-calissanne.fr\/\",\"name\":\"Ch\u00e2teau Calissanne | Huiles &amp; Vins de Provence\",\"description\":\"Huiles &amp; Vin de Provence\",\"publisher\":{\"@id\":\"https:\/\/www.chateau-calissanne.fr\/#organization\"},\"potentialAction\":[{\"@type\":\"SearchAction\",\"target\":{\"@type\":\"EntryPoint\",\"urlTemplate\":\"https:\/\/www.chateau-calissanne.fr\/?s={search_term_string}\"},\"query-input\":{\"@type\":\"PropertyValueSpecification\",\"valueRequired\":true,\"valueName\":\"search_term_string\"}}],\"inLanguage\":\"de\"},{\"@type\":\"Organization\",\"@id\":\"https:\/\/www.chateau-calissanne.fr\/#organization\",\"name\":\"Ch\u00e2teau Calissanne\",\"url\":\"https:\/\/www.chateau-calissanne.fr\/\",\"logo\":{\"@type\":\"ImageObject\",\"inLanguage\":\"de\",\"@id\":\"https:\/\/www.chateau-calissanne.fr\/#\/schema\/logo\/image\/\",\"url\":\"https:\/\/www.chateau-calissanne.fr\/wp-content\/uploads\/2021\/11\/chateau-calissanne-logo-calissanne.svg\",\"contentUrl\":\"https:\/\/www.chateau-calissanne.fr\/wp-content\/uploads\/2021\/11\/chateau-calissanne-logo-calissanne.svg\",\"width\":\"1024\",\"height\":\"1024\",\"caption\":\"Ch\u00e2teau Calissanne\"},\"image\":{\"@id\":\"https:\/\/www.chateau-calissanne.fr\/#\/schema\/logo\/image\/\"}}]}<\/script>\n<!-- \/ Yoast SEO plugin. -->","yoast_head_json":{"title":"Les cultures c\u00e9r\u00e9ali\u00e8res locales - Ch\u00e2teau Calissanne","description":"Sur les 1 200 hectares de territoires, le Ch\u00e2teau Calissanne a mis en place un programme de culture c\u00e9r\u00e9ali\u00e8res pour valoriser l'agriculture locale et la production de c\u00e9r\u00e9ales locales.","robots":{"index":"index","follow":"follow","max-snippet":"max-snippet:-1","max-image-preview":"max-image-preview:large","max-video-preview":"max-video-preview:-1"},"canonical":"https:\/\/www.chateau-calissanne.fr\/de\/schloss-calissanne\/getreideanbau\/","og_locale":"de_DE","og_type":"article","og_title":"Les cultures c\u00e9r\u00e9ali\u00e8res locales - Ch\u00e2teau Calissanne","og_description":"Sur les 1 200 hectares de territoires, le Ch\u00e2teau Calissanne a mis en place un programme de culture c\u00e9r\u00e9ali\u00e8res pour valoriser l'agriculture locale et la production de c\u00e9r\u00e9ales locales.","og_url":"https:\/\/www.chateau-calissanne.fr\/de\/schloss-calissanne\/getreideanbau\/","og_site_name":"Ch\u00e2teau Calissanne | Huiles &amp; Vins de Provence","article_modified_time":"2018-05-09T15:10:38+00:00","twitter_card":"summary_large_image","twitter_misc":{"Gesch\u00e4tzte Lesezeit":"1\u00a0Minute"},"schema":{"@context":"https:\/\/schema.org","@graph":[{"@type":"WebPage","@id":"https:\/\/www.chateau-calissanne.fr\/de\/schloss-calissanne\/getreideanbau\/","url":"https:\/\/www.chateau-calissanne.fr\/de\/schloss-calissanne\/getreideanbau\/","name":"Les cultures c\u00e9r\u00e9ali\u00e8res locales - Ch\u00e2teau Calissanne","isPartOf":{"@id":"https:\/\/www.chateau-calissanne.fr\/#website"},"datePublished":"2018-02-12T16:25:21+00:00","dateModified":"2018-05-09T15:10:38+00:00","description":"Sur les 1 200 hectares de territoires, le Ch\u00e2teau Calissanne a mis en place un programme de culture c\u00e9r\u00e9ali\u00e8res pour valoriser l'agriculture locale et la production de c\u00e9r\u00e9ales locales.","breadcrumb":{"@id":"https:\/\/www.chateau-calissanne.fr\/de\/schloss-calissanne\/getreideanbau\/#breadcrumb"},"inLanguage":"de","potentialAction":[{"@type":"ReadAction","target":["https:\/\/www.chateau-calissanne.fr\/de\/schloss-calissanne\/getreideanbau\/"]}]},{"@type":"BreadcrumbList","@id":"https:\/\/www.chateau-calissanne.fr\/de\/schloss-calissanne\/getreideanbau\/#breadcrumb","itemListElement":[{"@type":"ListItem","position":1,"name":"Accueil","item":"https:\/\/www.chateau-calissanne.fr\/de\/"},{"@type":"ListItem","position":2,"name":"Ch\u00e2teau Calissanne","item":"https:\/\/www.chateau-calissanne.fr\/de\/schloss-calissanne\/"},{"@type":"ListItem","position":3,"name":"Getreideanbau"}]},{"@type":"WebSite","@id":"https:\/\/www.chateau-calissanne.fr\/#website","url":"https:\/\/www.chateau-calissanne.fr\/","name":"Ch\u00e2teau Calissanne | Huiles &amp; Vins de Provence","description":"Huiles &amp; Vin de Provence","publisher":{"@id":"https:\/\/www.chateau-calissanne.fr\/#organization"},"potentialAction":[{"@type":"SearchAction","target":{"@type":"EntryPoint","urlTemplate":"https:\/\/www.chateau-calissanne.fr\/?s={search_term_string}"},"query-input":{"@type":"PropertyValueSpecification","valueRequired":true,"valueName":"search_term_string"}}],"inLanguage":"de"},{"@type":"Organization","@id":"https:\/\/www.chateau-calissanne.fr\/#organization","name":"Ch\u00e2teau Calissanne","url":"https:\/\/www.chateau-calissanne.fr\/","logo":{"@type":"ImageObject","inLanguage":"de","@id":"https:\/\/www.chateau-calissanne.fr\/#\/schema\/logo\/image\/","url":"https:\/\/www.chateau-calissanne.fr\/wp-content\/uploads\/2021\/11\/chateau-calissanne-logo-calissanne.svg","contentUrl":"https:\/\/www.chateau-calissanne.fr\/wp-content\/uploads\/2021\/11\/chateau-calissanne-logo-calissanne.svg","width":"1024","height":"1024","caption":"Ch\u00e2teau Calissanne"},"image":{"@id":"https:\/\/www.chateau-calissanne.fr\/#\/schema\/logo\/image\/"}}]}},"_links":{"self":[{"href":"https:\/\/www.chateau-calissanne.fr\/de\/wp-json\/wp\/v2\/pages\/4277","targetHints":{"allow":["GET"]}}],"collection":[{"href":"https:\/\/www.chateau-calissanne.fr\/de\/wp-json\/wp\/v2\/pages"}],"about":[{"href":"https:\/\/www.chateau-calissanne.fr\/de\/wp-json\/wp\/v2\/types\/page"}],"author":[{"embeddable":true,"href":"https:\/\/www.chateau-calissanne.fr\/de\/wp-json\/wp\/v2\/users\/1"}],"replies":[{"embeddable":true,"href":"https:\/\/www.chateau-calissanne.fr\/de\/wp-json\/wp\/v2\/comments?post=4277"}],"version-history":[{"count":5,"href":"https:\/\/www.chateau-calissanne.fr\/de\/wp-json\/wp\/v2\/pages\/4277\/revisions"}],"predecessor-version":[{"id":4317,"href":"https:\/\/www.chateau-calissanne.fr\/de\/wp-json\/wp\/v2\/pages\/4277\/revisions\/4317"}],"up":[{"embeddable":true,"href":"https:\/\/www.chateau-calissanne.fr\/de\/wp-json\/wp\/v2\/pages\/4230"}],"wp:attachment":[{"href":"https:\/\/www.chateau-calissanne.fr\/de\/wp-json\/wp\/v2\/media?parent=4277"}],"curies":[{"name":"wp","href":"https:\/\/api.w.org\/{rel}","templated":true}]}}