{"id":4322,"date":"2018-03-23T11:10:09","date_gmt":"2018-03-23T10:10:09","guid":{"rendered":"https:\/\/www.chateau-calissanne.fr\/cadeaux-affaires\/"},"modified":"2018-05-09T17:17:59","modified_gmt":"2018-05-09T15:17:59","slug":"geschaeftspraesente","status":"publish","type":"page","link":"https:\/\/www.chateau-calissanne.fr\/de\/geschaeftspraesente\/","title":{"rendered":"Gesch\u00e4ftspr\u00e4sente"},"content":{"rendered":"<p>[et_pb_section fb_built=&#8220;1&#8243; fullwidth=&#8220;on&#8220; _builder_version=&#8220;3.0.101&#8243; custom_padding=&#8220;0px|0px|0px|0px&#8220;][et_pb_fullwidth_slider show_arrows=&#8220;off&#8220; show_pagination=&#8220;off&#8220; admin_label=&#8220;Curseur de d\u00e9filement plein \u00e9cran&#8220; _builder_version=&#8220;3.0.101&#8243; custom_padding=&#8220;15em||10em|&#8220;][et_pb_slide heading=&#8220;Actualit\u00e9s&#8220; use_bg_overlay=&#8220;on&#8220; bg_overlay_color=&#8220;rgba(0,0,0,0.3)&#8220; use_text_overlay=&#8220;off&#8220; _builder_version=&#8220;3.0.101&#8243; background_image=&#8220;https:\/\/www.chateau-calissanne.fr\/wp-content\/uploads\/2018\/02\/Home-ChateauCalissanne-1.jpg&#8220; custom_button=&#8220;off&#8220; button_on_hover=&#8220;on&#8220;]<\/p>\n<p style=\"text-align: center;\">D\u00e9couvrez nos Rendez-Vous &#038; Animations tout au long de l&#8217;ann\u00e9e<\/p>\n<p>[\/et_pb_slide][\/et_pb_fullwidth_slider][\/et_pb_section][et_pb_section fb_built=&#8220;1&#8243; _builder_version=&#8220;3.0.47&#8243;][et_pb_row _builder_version=&#8220;3.0.47&#8243; background_size=&#8220;initial&#8220; background_position=&#8220;top_left&#8220; background_repeat=&#8220;repeat&#8220;][et_pb_column type=&#8220;4_4&#8243; _builder_version=&#8220;3.0.47&#8243; parallax=&#8220;off&#8220; parallax_method=&#8220;on&#8220;][et_pb_text _builder_version=&#8220;3.0.106&#8243;]<\/p>\n<p>Gesch\u00e4ftspr\u00e4sente<\/p>\n<p>Wir sind selbst Hersteller f\u00fcr Wein und Oliven\u00f6l in der Gemeinde Lan\u00e7on de Provence: Ch\u00e2teau Calissanne, Vin de Provence mit der kontrollierten Herkunftsbezeichnung \u201eAOC Coteaux d\u2019Aix en Provence\u201c und \u201eDomaine Clef de St Thomas\u201c mit der kontrollierten Herkunftsbezeichnung \u201eAOC Ch\u00e2teauneuf du Pape\u201c.<br \/>Eine gro\u00dfe Auswahl an Spezialit\u00e4ten der Provence (Delikatessen aus der Region, T\u00f6pferwaren, Olivenholz) werden Ihnen auf unserer Verkaufsfl\u00e4che in \u201eLa Jasso de Calissanne\u201c angeboten.<br \/>Unser Sortiment bietet Ihnen eine Vielfalt an M\u00f6glichkeiten f\u00fcr Ihr Gesch\u00e4ftspr\u00e4sent, ganz nach Ihrer Lust und Ihrem Budget: Magnum-Flaschen, Flaschenkoffer und gar Schlemmerk\u00f6rbe.<br \/>Setzen Sie sich mit uns in Verbindung!<\/p>\n<p>Alexandra Paques \u2022 Leiterin Boutique &amp; Gesch\u00e4ftspr\u00e4sente <br \/> Tel : +33 (0)4.90.42.50.23 (direkte Durchwahl) \u2022 +33(0)7 85 64 97 39<br \/> Email :\u00a0<a href=\"mailto:laboutique@chateau-calissanne.fr\">laboutique@chateau-calissanne.fr<\/a>\u00a0oder\u00a0<a href=\"mailto:alexandra.paques@chateau-calissanne.fr\">alexandra.paques@chateau-calissanne.fr<\/a><\/p>\n<p>Wenn Sie uns das nachfolgende Formular ausgef\u00fcllt zur\u00fccksenden, lassen wir Ihnen unsere Angebote zukommen.<\/p>\n<p>&nbsp;<\/p>\n<p>[\/et_pb_text][et_pb_contact_form module_id=&#8220;et_pb_contact_form_0&#8243; _builder_version=&#8220;3.0.106&#8243;][et_pb_contact_field field_id=&#8220;Raison_Sociale&#8220; field_title=&#8220;Gesch\u00e4ftsadresse&#8220; max_length=&#8220;84&#8243; _builder_version=&#8220;3.0.106&#8243;][\/et_pb_contact_field][et_pb_contact_field field_id=&#8220;Nom_du_responsable&#8220; field_title=&#8220;Name des Ansprechpartners &#8220; max_length=&#8220;84&#8243; _builder_version=&#8220;3.0.106&#8243;][\/et_pb_contact_field][et_pb_contact_field field_id=&#8220;prenom&#8220; field_title=&#8220;Vornahme&#8220; max_length=&#8220;84&#8243; _builder_version=&#8220;3.0.106&#8243;][\/et_pb_contact_field][et_pb_contact_field field_id=&#8220;Service_-_Fonction&#8220; field_title=&#8220;Service &#8211; Fonction&#8220; max_length=&#8220;84&#8243; _builder_version=&#8220;3.0.106&#8243;][\/et_pb_contact_field][et_pb_contact_field field_id=&#8220;Code_postal&#8220; field_title=&#8220;Abteilung \/ Posten   Anschrift  PLZ &#8220; max_length=&#8220;5&#8243; required_mark=&#8220;off&#8220; _builder_version=&#8220;3.0.106&#8243;][\/et_pb_contact_field][et_pb_contact_field field_id=&#8220;Ville&#8220; field_title=&#8220;Stadt &#8220; max_length=&#8220;84&#8243; required_mark=&#8220;off&#8220; _builder_version=&#8220;3.0.106&#8243;][\/et_pb_contact_field][et_pb_contact_field field_id=&#8220;T\u00e9l\u00e9phone&#8220; field_title=&#8220;Telefon&#8220; max_length=&#8220;84&#8243; required_mark=&#8220;off&#8220; _builder_version=&#8220;3.0.106&#8243;][\/et_pb_contact_field][et_pb_contact_field field_id=&#8220;Email&#8220; field_title=&#8220;Adresse e-mail&#8220; field_type=&#8220;email&#8220; _builder_version=&#8220;3.0.106&#8243;][\/et_pb_contact_field][et_pb_contact_field field_id=&#8220;Message&#8220; field_title=&#8220;Nachricht&#8220; field_type=&#8220;text&#8220; fullwidth_field=&#8220;on&#8220; _builder_version=&#8220;3.0.106&#8243;][\/et_pb_contact_field][\/et_pb_contact_form][\/et_pb_column][\/et_pb_row][\/et_pb_section]<\/p>\n","protected":false},"excerpt":{"rendered":"<p>D\u00e9couvrez nos Rendez-Vous &#038; Animations tout au long de l&#8217;ann\u00e9e Gesch\u00e4ftspr\u00e4sente Wir sind selbst Hersteller f\u00fcr Wein und Oliven\u00f6l in der Gemeinde Lan\u00e7on de Provence: Ch\u00e2teau Calissanne, Vin de Provence mit der kontrollierten Herkunftsbezeichnung \u201eAOC Coteaux d\u2019Aix en Provence\u201c und \u201eDomaine Clef de St Thomas\u201c mit der kontrollierten Herkunftsbezeichnung \u201eAOC Ch\u00e2teauneuf du Pape\u201c.Eine gro\u00dfe Auswahl [&hellip;]<\/p>\n","protected":false},"author":2,"featured_media":0,"parent":0,"menu_order":0,"comment_status":"closed","ping_status":"closed","template":"","meta":{"_acf_changed":false,"_et_pb_use_builder":"on","_et_pb_old_content":"","_et_gb_content_width":"","inline_featured_image":false,"footnotes":""},"class_list":["post-4322","page","type-page","status-publish","hentry"],"acf":[],"yoast_head":"<!-- This site is optimized with the Yoast SEO plugin v25.4 - https:\/\/yoast.com\/wordpress\/plugins\/seo\/ -->\n<title>Gesch\u00e4ftspr\u00e4sente - Ch\u00e2teau Calissanne | Huiles &amp; Vins de Provence<\/title>\n<meta name=\"description\" content=\"Producteur de vins et d&#039;huile d&#039;olive, nous confectionnons vos cadeaux d&#039;affaires avec nos produits locaux : Vins, huiles d&#039;olives, miel, tapenade, terrines et confiseries.\" \/>\n<meta name=\"robots\" content=\"index, follow, max-snippet:-1, max-image-preview:large, max-video-preview:-1\" \/>\n<link rel=\"canonical\" href=\"https:\/\/www.chateau-calissanne.fr\/de\/geschaeftspraesente\/\" \/>\n<meta property=\"og:locale\" content=\"de_DE\" \/>\n<meta property=\"og:type\" content=\"article\" \/>\n<meta property=\"og:title\" content=\"Gesch\u00e4ftspr\u00e4sente - Ch\u00e2teau Calissanne | Huiles &amp; Vins de Provence\" \/>\n<meta property=\"og:description\" content=\"Producteur de vins et d&#039;huile d&#039;olive, nous confectionnons vos cadeaux d&#039;affaires avec nos produits locaux : Vins, huiles d&#039;olives, miel, tapenade, terrines et confiseries.\" \/>\n<meta property=\"og:url\" content=\"https:\/\/www.chateau-calissanne.fr\/de\/geschaeftspraesente\/\" \/>\n<meta property=\"og:site_name\" content=\"Ch\u00e2teau Calissanne | Huiles &amp; Vins de Provence\" \/>\n<meta property=\"article:modified_time\" content=\"2018-05-09T15:17:59+00:00\" \/>\n<meta name=\"twitter:card\" content=\"summary_large_image\" \/>\n<meta name=\"twitter:label1\" content=\"Gesch\u00e4tzte Lesezeit\" \/>\n\t<meta name=\"twitter:data1\" content=\"3\u00a0Minuten\" \/>\n<script type=\"application\/ld+json\" class=\"yoast-schema-graph\">{\"@context\":\"https:\/\/schema.org\",\"@graph\":[{\"@type\":\"WebPage\",\"@id\":\"https:\/\/www.chateau-calissanne.fr\/de\/geschaeftspraesente\/\",\"url\":\"https:\/\/www.chateau-calissanne.fr\/de\/geschaeftspraesente\/\",\"name\":\"Gesch\u00e4ftspr\u00e4sente - Ch\u00e2teau Calissanne | Huiles &amp; Vins de Provence\",\"isPartOf\":{\"@id\":\"https:\/\/www.chateau-calissanne.fr\/#website\"},\"datePublished\":\"2018-03-23T10:10:09+00:00\",\"dateModified\":\"2018-05-09T15:17:59+00:00\",\"description\":\"Producteur de vins et d'huile d'olive, nous confectionnons vos cadeaux d'affaires avec nos produits locaux : Vins, huiles d'olives, miel, tapenade, terrines et confiseries.\",\"breadcrumb\":{\"@id\":\"https:\/\/www.chateau-calissanne.fr\/de\/geschaeftspraesente\/#breadcrumb\"},\"inLanguage\":\"de\",\"potentialAction\":[{\"@type\":\"ReadAction\",\"target\":[\"https:\/\/www.chateau-calissanne.fr\/de\/geschaeftspraesente\/\"]}]},{\"@type\":\"BreadcrumbList\",\"@id\":\"https:\/\/www.chateau-calissanne.fr\/de\/geschaeftspraesente\/#breadcrumb\",\"itemListElement\":[{\"@type\":\"ListItem\",\"position\":1,\"name\":\"Accueil\",\"item\":\"https:\/\/www.chateau-calissanne.fr\/de\/\"},{\"@type\":\"ListItem\",\"position\":2,\"name\":\"Gesch\u00e4ftspr\u00e4sente\"}]},{\"@type\":\"WebSite\",\"@id\":\"https:\/\/www.chateau-calissanne.fr\/#website\",\"url\":\"https:\/\/www.chateau-calissanne.fr\/\",\"name\":\"Ch\u00e2teau Calissanne | Huiles &amp; Vins de Provence\",\"description\":\"Huiles &amp; Vin de Provence\",\"publisher\":{\"@id\":\"https:\/\/www.chateau-calissanne.fr\/#organization\"},\"potentialAction\":[{\"@type\":\"SearchAction\",\"target\":{\"@type\":\"EntryPoint\",\"urlTemplate\":\"https:\/\/www.chateau-calissanne.fr\/?s={search_term_string}\"},\"query-input\":{\"@type\":\"PropertyValueSpecification\",\"valueRequired\":true,\"valueName\":\"search_term_string\"}}],\"inLanguage\":\"de\"},{\"@type\":\"Organization\",\"@id\":\"https:\/\/www.chateau-calissanne.fr\/#organization\",\"name\":\"Ch\u00e2teau Calissanne\",\"url\":\"https:\/\/www.chateau-calissanne.fr\/\",\"logo\":{\"@type\":\"ImageObject\",\"inLanguage\":\"de\",\"@id\":\"https:\/\/www.chateau-calissanne.fr\/#\/schema\/logo\/image\/\",\"url\":\"https:\/\/www.chateau-calissanne.fr\/wp-content\/uploads\/2021\/11\/chateau-calissanne-logo-calissanne.svg\",\"contentUrl\":\"https:\/\/www.chateau-calissanne.fr\/wp-content\/uploads\/2021\/11\/chateau-calissanne-logo-calissanne.svg\",\"width\":\"1024\",\"height\":\"1024\",\"caption\":\"Ch\u00e2teau Calissanne\"},\"image\":{\"@id\":\"https:\/\/www.chateau-calissanne.fr\/#\/schema\/logo\/image\/\"}}]}<\/script>\n<!-- \/ Yoast SEO plugin. -->","yoast_head_json":{"title":"Gesch\u00e4ftspr\u00e4sente - Ch\u00e2teau Calissanne | Huiles &amp; Vins de Provence","description":"Producteur de vins et d'huile d'olive, nous confectionnons vos cadeaux d'affaires avec nos produits locaux : Vins, huiles d'olives, miel, tapenade, terrines et confiseries.","robots":{"index":"index","follow":"follow","max-snippet":"max-snippet:-1","max-image-preview":"max-image-preview:large","max-video-preview":"max-video-preview:-1"},"canonical":"https:\/\/www.chateau-calissanne.fr\/de\/geschaeftspraesente\/","og_locale":"de_DE","og_type":"article","og_title":"Gesch\u00e4ftspr\u00e4sente - Ch\u00e2teau Calissanne | Huiles &amp; Vins de Provence","og_description":"Producteur de vins et d'huile d'olive, nous confectionnons vos cadeaux d'affaires avec nos produits locaux : Vins, huiles d'olives, miel, tapenade, terrines et confiseries.","og_url":"https:\/\/www.chateau-calissanne.fr\/de\/geschaeftspraesente\/","og_site_name":"Ch\u00e2teau Calissanne | Huiles &amp; Vins de Provence","article_modified_time":"2018-05-09T15:17:59+00:00","twitter_card":"summary_large_image","twitter_misc":{"Gesch\u00e4tzte Lesezeit":"3\u00a0Minuten"},"schema":{"@context":"https:\/\/schema.org","@graph":[{"@type":"WebPage","@id":"https:\/\/www.chateau-calissanne.fr\/de\/geschaeftspraesente\/","url":"https:\/\/www.chateau-calissanne.fr\/de\/geschaeftspraesente\/","name":"Gesch\u00e4ftspr\u00e4sente - Ch\u00e2teau Calissanne | Huiles &amp; Vins de Provence","isPartOf":{"@id":"https:\/\/www.chateau-calissanne.fr\/#website"},"datePublished":"2018-03-23T10:10:09+00:00","dateModified":"2018-05-09T15:17:59+00:00","description":"Producteur de vins et d'huile d'olive, nous confectionnons vos cadeaux d'affaires avec nos produits locaux : Vins, huiles d'olives, miel, tapenade, terrines et confiseries.","breadcrumb":{"@id":"https:\/\/www.chateau-calissanne.fr\/de\/geschaeftspraesente\/#breadcrumb"},"inLanguage":"de","potentialAction":[{"@type":"ReadAction","target":["https:\/\/www.chateau-calissanne.fr\/de\/geschaeftspraesente\/"]}]},{"@type":"BreadcrumbList","@id":"https:\/\/www.chateau-calissanne.fr\/de\/geschaeftspraesente\/#breadcrumb","itemListElement":[{"@type":"ListItem","position":1,"name":"Accueil","item":"https:\/\/www.chateau-calissanne.fr\/de\/"},{"@type":"ListItem","position":2,"name":"Gesch\u00e4ftspr\u00e4sente"}]},{"@type":"WebSite","@id":"https:\/\/www.chateau-calissanne.fr\/#website","url":"https:\/\/www.chateau-calissanne.fr\/","name":"Ch\u00e2teau Calissanne | Huiles &amp; Vins de Provence","description":"Huiles &amp; Vin de Provence","publisher":{"@id":"https:\/\/www.chateau-calissanne.fr\/#organization"},"potentialAction":[{"@type":"SearchAction","target":{"@type":"EntryPoint","urlTemplate":"https:\/\/www.chateau-calissanne.fr\/?s={search_term_string}"},"query-input":{"@type":"PropertyValueSpecification","valueRequired":true,"valueName":"search_term_string"}}],"inLanguage":"de"},{"@type":"Organization","@id":"https:\/\/www.chateau-calissanne.fr\/#organization","name":"Ch\u00e2teau Calissanne","url":"https:\/\/www.chateau-calissanne.fr\/","logo":{"@type":"ImageObject","inLanguage":"de","@id":"https:\/\/www.chateau-calissanne.fr\/#\/schema\/logo\/image\/","url":"https:\/\/www.chateau-calissanne.fr\/wp-content\/uploads\/2021\/11\/chateau-calissanne-logo-calissanne.svg","contentUrl":"https:\/\/www.chateau-calissanne.fr\/wp-content\/uploads\/2021\/11\/chateau-calissanne-logo-calissanne.svg","width":"1024","height":"1024","caption":"Ch\u00e2teau Calissanne"},"image":{"@id":"https:\/\/www.chateau-calissanne.fr\/#\/schema\/logo\/image\/"}}]}},"_links":{"self":[{"href":"https:\/\/www.chateau-calissanne.fr\/de\/wp-json\/wp\/v2\/pages\/4322","targetHints":{"allow":["GET"]}}],"collection":[{"href":"https:\/\/www.chateau-calissanne.fr\/de\/wp-json\/wp\/v2\/pages"}],"about":[{"href":"https:\/\/www.chateau-calissanne.fr\/de\/wp-json\/wp\/v2\/types\/page"}],"author":[{"embeddable":true,"href":"https:\/\/www.chateau-calissanne.fr\/de\/wp-json\/wp\/v2\/users\/2"}],"replies":[{"embeddable":true,"href":"https:\/\/www.chateau-calissanne.fr\/de\/wp-json\/wp\/v2\/comments?post=4322"}],"version-history":[{"count":2,"href":"https:\/\/www.chateau-calissanne.fr\/de\/wp-json\/wp\/v2\/pages\/4322\/revisions"}],"predecessor-version":[{"id":4325,"href":"https:\/\/www.chateau-calissanne.fr\/de\/wp-json\/wp\/v2\/pages\/4322\/revisions\/4325"}],"wp:attachment":[{"href":"https:\/\/www.chateau-calissanne.fr\/de\/wp-json\/wp\/v2\/media?parent=4322"}],"curies":[{"name":"wp","href":"https:\/\/api.w.org\/{rel}","templated":true}]}}