{"id":4356,"date":"2018-02-12T17:37:30","date_gmt":"2018-02-12T16:37:30","guid":{"rendered":"https:\/\/www.chateau-calissanne.fr\/clef-de-saint-thomas\/cave-vignification\/"},"modified":"2018-11-20T10:25:40","modified_gmt":"2018-11-20T09:25:40","slug":"weinkeller-lagerfaesser","status":"publish","type":"page","link":"https:\/\/www.chateau-calissanne.fr\/de\/clef-de-st-thomas\/weinkeller-lagerfaesser\/","title":{"rendered":"Weinkeller &#038; Lagerf\u00e4sser"},"content":{"rendered":"<p>[et_pb_section fb_built=&#8220;1&#8243; fullwidth=&#8220;on&#8220; _builder_version=&#8220;3.0.101&#8243; custom_padding=&#8220;0px|0px|0px|0px&#8220;][et_pb_fullwidth_slider show_arrows=&#8220;off&#8220; show_pagination=&#8220;off&#8220; admin_label=&#8220;Curseur de d\u00e9filement plein \u00e9cran&#8220; _builder_version=&#8220;3.0.106&#8243; custom_padding=&#8220;15em||10em|&#8220;][et_pb_slide heading=&#8220;Weinkeller &#038; Lagerf\u00e4sser&#8220; use_bg_overlay=&#8220;on&#8220; bg_overlay_color=&#8220;rgba(0,0,0,0.3)&#8220; use_text_overlay=&#8220;off&#8220; _builder_version=&#8220;3.0.106&#8243; background_image=&#8220;https:\/\/www.chateau-calissanne.fr\/wp-content\/uploads\/2018\/03\/CALISSANNE_SaintThomas_14.jpg&#8220; custom_button=&#8220;off&#8220; button_on_hover=&#8220;on&#8220;][\/et_pb_slide][\/et_pb_fullwidth_slider][\/et_pb_section][et_pb_section fb_built=&#8220;1&#8243; _builder_version=&#8220;3.0.47&#8243;][et_pb_row _builder_version=&#8220;3.0.47&#8243; background_size=&#8220;initial&#8220; background_position=&#8220;top_left&#8220; background_repeat=&#8220;repeat&#8220;][et_pb_column type=&#8220;1_2&#8243; _builder_version=&#8220;3.0.47&#8243; parallax=&#8220;off&#8220; parallax_method=&#8220;on&#8220;][et_pb_text _builder_version=&#8220;3.0.101&#8243;]<\/p>\n<p style=\"text-align: justify;\">Ein mannshoher traditioneller im Dorf von Ch\u00e2teauneuf du Pape gelegener Weinkeller wurde mit F\u00e4ssern ausgestattet (225-Liter-F\u00e4sser sind der Grande Cuv\u00e9e La Clef de St Thomas vorbehalten)<br \/>F\u00fcr die Kelterung der wei\u00dfen Ch\u00e2teauneuf du Pape-Weine haben wir eine w\u00e4rmeregulierte Kellerei, die sich speziell f\u00fcr die Kelterung von Wei\u00dfweinen eignet.<\/p>\n<p>[\/et_pb_text][\/et_pb_column][et_pb_column type=&#8220;1_2&#8243; _builder_version=&#8220;3.0.47&#8243; parallax=&#8220;off&#8220; parallax_method=&#8220;on&#8220;][et_pb_text _builder_version=&#8220;3.0.106&#8243;]<\/p>\n<h4>Vinifikation<\/h4>\n<p><strong>F\u00fcr Rotweine:<\/strong> vollst\u00e4ndige Entrappung.<br \/>G\u00e4rung bei 25 \u00b0C, 15 bis 20 Tage Maischung in Kesseln von 30 bis 50 Hl. <br \/>Weinbereitung in F\u00e4ssern 12 bis 14 Monate.<\/p>\n<p><strong>F\u00fcr Wei\u00dfweine:<\/strong> vollst\u00e4ndige Entrappung.<br \/>G\u00e4rung im Kessel, in F\u00e4ssern bei 15 \u00b0C, dann Weinbereitung auf d\u00fcnnen Bodens\u00e4tzen 4 bis 6 Monate lang.<\/p>\n<p>[\/et_pb_text][\/et_pb_column][\/et_pb_row][\/et_pb_section]<\/p>\n","protected":false},"excerpt":{"rendered":"<p>Ein mannshoher traditioneller im Dorf von Ch\u00e2teauneuf du Pape gelegener Weinkeller wurde mit F\u00e4ssern ausgestattet (225-Liter-F\u00e4sser sind der Grande Cuv\u00e9e La Clef de St Thomas vorbehalten)F\u00fcr die Kelterung der wei\u00dfen Ch\u00e2teauneuf du Pape-Weine haben wir eine w\u00e4rmeregulierte Kellerei, die sich speziell f\u00fcr die Kelterung von Wei\u00dfweinen eignet.Vinifikation F\u00fcr Rotweine: vollst\u00e4ndige Entrappung.G\u00e4rung bei 25 \u00b0C, 15 [&hellip;]<\/p>\n","protected":false},"author":1,"featured_media":0,"parent":4341,"menu_order":0,"comment_status":"closed","ping_status":"closed","template":"","meta":{"_acf_changed":false,"_et_pb_use_builder":"on","_et_pb_old_content":"","_et_gb_content_width":"","inline_featured_image":false,"footnotes":""},"class_list":["post-4356","page","type-page","status-publish","hentry"],"acf":[],"yoast_head":"<!-- This site is optimized with the Yoast SEO plugin v25.4 - https:\/\/yoast.com\/wordpress\/plugins\/seo\/ -->\n<title>Weinkeller &amp; Lagerf\u00e4sser - Ch\u00e2teau Calissanne | Huiles &amp; Vins de Provence<\/title>\n<meta name=\"description\" content=\"En plein coeur de Ch\u00e2teauneuf du Pape, la cave de vinification du domaine Clef de St-Thomas permet de vinifier et faire vieillir en barriques les cuv\u00e9es Clef de St-thomas et Pierre Troupel dans la pure tradition Ch\u00e2teauneuvoise.\" \/>\n<meta name=\"robots\" content=\"index, follow, max-snippet:-1, max-image-preview:large, max-video-preview:-1\" \/>\n<link rel=\"canonical\" href=\"https:\/\/www.chateau-calissanne.fr\/de\/clef-de-st-thomas\/weinkeller-lagerfaesser\/\" \/>\n<meta property=\"og:locale\" content=\"de_DE\" \/>\n<meta property=\"og:type\" content=\"article\" \/>\n<meta property=\"og:title\" content=\"Weinkeller &amp; Lagerf\u00e4sser - Ch\u00e2teau Calissanne | Huiles &amp; Vins de Provence\" \/>\n<meta property=\"og:description\" content=\"En plein coeur de Ch\u00e2teauneuf du Pape, la cave de vinification du domaine Clef de St-Thomas permet de vinifier et faire vieillir en barriques les cuv\u00e9es Clef de St-thomas et Pierre Troupel dans la pure tradition Ch\u00e2teauneuvoise.\" \/>\n<meta property=\"og:url\" content=\"https:\/\/www.chateau-calissanne.fr\/de\/clef-de-st-thomas\/weinkeller-lagerfaesser\/\" \/>\n<meta property=\"og:site_name\" content=\"Ch\u00e2teau Calissanne | Huiles &amp; Vins de Provence\" \/>\n<meta property=\"article:modified_time\" content=\"2018-11-20T09:25:40+00:00\" \/>\n<meta name=\"twitter:card\" content=\"summary_large_image\" \/>\n<meta name=\"twitter:label1\" content=\"Gesch\u00e4tzte Lesezeit\" \/>\n\t<meta name=\"twitter:data1\" content=\"1\u00a0Minute\" \/>\n<script type=\"application\/ld+json\" class=\"yoast-schema-graph\">{\"@context\":\"https:\/\/schema.org\",\"@graph\":[{\"@type\":\"WebPage\",\"@id\":\"https:\/\/www.chateau-calissanne.fr\/de\/clef-de-st-thomas\/weinkeller-lagerfaesser\/\",\"url\":\"https:\/\/www.chateau-calissanne.fr\/de\/clef-de-st-thomas\/weinkeller-lagerfaesser\/\",\"name\":\"Weinkeller & Lagerf\u00e4sser - Ch\u00e2teau Calissanne | Huiles &amp; Vins de Provence\",\"isPartOf\":{\"@id\":\"https:\/\/www.chateau-calissanne.fr\/#website\"},\"datePublished\":\"2018-02-12T16:37:30+00:00\",\"dateModified\":\"2018-11-20T09:25:40+00:00\",\"description\":\"En plein coeur de Ch\u00e2teauneuf du Pape, la cave de vinification du domaine Clef de St-Thomas permet de vinifier et faire vieillir en barriques les cuv\u00e9es Clef de St-thomas et Pierre Troupel dans la pure tradition Ch\u00e2teauneuvoise.\",\"breadcrumb\":{\"@id\":\"https:\/\/www.chateau-calissanne.fr\/de\/clef-de-st-thomas\/weinkeller-lagerfaesser\/#breadcrumb\"},\"inLanguage\":\"de\",\"potentialAction\":[{\"@type\":\"ReadAction\",\"target\":[\"https:\/\/www.chateau-calissanne.fr\/de\/clef-de-st-thomas\/weinkeller-lagerfaesser\/\"]}]},{\"@type\":\"BreadcrumbList\",\"@id\":\"https:\/\/www.chateau-calissanne.fr\/de\/clef-de-st-thomas\/weinkeller-lagerfaesser\/#breadcrumb\",\"itemListElement\":[{\"@type\":\"ListItem\",\"position\":1,\"name\":\"Accueil\",\"item\":\"https:\/\/www.chateau-calissanne.fr\/de\/\"},{\"@type\":\"ListItem\",\"position\":2,\"name\":\"Clef de St Thomas\",\"item\":\"https:\/\/www.chateau-calissanne.fr\/de\/?page_id=4341\"},{\"@type\":\"ListItem\",\"position\":3,\"name\":\"Weinkeller &#038; Lagerf\u00e4sser\"}]},{\"@type\":\"WebSite\",\"@id\":\"https:\/\/www.chateau-calissanne.fr\/#website\",\"url\":\"https:\/\/www.chateau-calissanne.fr\/\",\"name\":\"Ch\u00e2teau Calissanne | Huiles &amp; Vins de Provence\",\"description\":\"Huiles &amp; Vin de Provence\",\"publisher\":{\"@id\":\"https:\/\/www.chateau-calissanne.fr\/#organization\"},\"potentialAction\":[{\"@type\":\"SearchAction\",\"target\":{\"@type\":\"EntryPoint\",\"urlTemplate\":\"https:\/\/www.chateau-calissanne.fr\/?s={search_term_string}\"},\"query-input\":{\"@type\":\"PropertyValueSpecification\",\"valueRequired\":true,\"valueName\":\"search_term_string\"}}],\"inLanguage\":\"de\"},{\"@type\":\"Organization\",\"@id\":\"https:\/\/www.chateau-calissanne.fr\/#organization\",\"name\":\"Ch\u00e2teau Calissanne\",\"url\":\"https:\/\/www.chateau-calissanne.fr\/\",\"logo\":{\"@type\":\"ImageObject\",\"inLanguage\":\"de\",\"@id\":\"https:\/\/www.chateau-calissanne.fr\/#\/schema\/logo\/image\/\",\"url\":\"https:\/\/www.chateau-calissanne.fr\/wp-content\/uploads\/2021\/11\/chateau-calissanne-logo-calissanne.svg\",\"contentUrl\":\"https:\/\/www.chateau-calissanne.fr\/wp-content\/uploads\/2021\/11\/chateau-calissanne-logo-calissanne.svg\",\"width\":\"1024\",\"height\":\"1024\",\"caption\":\"Ch\u00e2teau Calissanne\"},\"image\":{\"@id\":\"https:\/\/www.chateau-calissanne.fr\/#\/schema\/logo\/image\/\"}}]}<\/script>\n<!-- \/ Yoast SEO plugin. -->","yoast_head_json":{"title":"Weinkeller & Lagerf\u00e4sser - Ch\u00e2teau Calissanne | Huiles &amp; Vins de Provence","description":"En plein coeur de Ch\u00e2teauneuf du Pape, la cave de vinification du domaine Clef de St-Thomas permet de vinifier et faire vieillir en barriques les cuv\u00e9es Clef de St-thomas et Pierre Troupel dans la pure tradition Ch\u00e2teauneuvoise.","robots":{"index":"index","follow":"follow","max-snippet":"max-snippet:-1","max-image-preview":"max-image-preview:large","max-video-preview":"max-video-preview:-1"},"canonical":"https:\/\/www.chateau-calissanne.fr\/de\/clef-de-st-thomas\/weinkeller-lagerfaesser\/","og_locale":"de_DE","og_type":"article","og_title":"Weinkeller & Lagerf\u00e4sser - Ch\u00e2teau Calissanne | Huiles &amp; Vins de Provence","og_description":"En plein coeur de Ch\u00e2teauneuf du Pape, la cave de vinification du domaine Clef de St-Thomas permet de vinifier et faire vieillir en barriques les cuv\u00e9es Clef de St-thomas et Pierre Troupel dans la pure tradition Ch\u00e2teauneuvoise.","og_url":"https:\/\/www.chateau-calissanne.fr\/de\/clef-de-st-thomas\/weinkeller-lagerfaesser\/","og_site_name":"Ch\u00e2teau Calissanne | Huiles &amp; Vins de Provence","article_modified_time":"2018-11-20T09:25:40+00:00","twitter_card":"summary_large_image","twitter_misc":{"Gesch\u00e4tzte Lesezeit":"1\u00a0Minute"},"schema":{"@context":"https:\/\/schema.org","@graph":[{"@type":"WebPage","@id":"https:\/\/www.chateau-calissanne.fr\/de\/clef-de-st-thomas\/weinkeller-lagerfaesser\/","url":"https:\/\/www.chateau-calissanne.fr\/de\/clef-de-st-thomas\/weinkeller-lagerfaesser\/","name":"Weinkeller & Lagerf\u00e4sser - Ch\u00e2teau Calissanne | Huiles &amp; Vins de Provence","isPartOf":{"@id":"https:\/\/www.chateau-calissanne.fr\/#website"},"datePublished":"2018-02-12T16:37:30+00:00","dateModified":"2018-11-20T09:25:40+00:00","description":"En plein coeur de Ch\u00e2teauneuf du Pape, la cave de vinification du domaine Clef de St-Thomas permet de vinifier et faire vieillir en barriques les cuv\u00e9es Clef de St-thomas et Pierre Troupel dans la pure tradition Ch\u00e2teauneuvoise.","breadcrumb":{"@id":"https:\/\/www.chateau-calissanne.fr\/de\/clef-de-st-thomas\/weinkeller-lagerfaesser\/#breadcrumb"},"inLanguage":"de","potentialAction":[{"@type":"ReadAction","target":["https:\/\/www.chateau-calissanne.fr\/de\/clef-de-st-thomas\/weinkeller-lagerfaesser\/"]}]},{"@type":"BreadcrumbList","@id":"https:\/\/www.chateau-calissanne.fr\/de\/clef-de-st-thomas\/weinkeller-lagerfaesser\/#breadcrumb","itemListElement":[{"@type":"ListItem","position":1,"name":"Accueil","item":"https:\/\/www.chateau-calissanne.fr\/de\/"},{"@type":"ListItem","position":2,"name":"Clef de St Thomas","item":"https:\/\/www.chateau-calissanne.fr\/de\/?page_id=4341"},{"@type":"ListItem","position":3,"name":"Weinkeller &#038; Lagerf\u00e4sser"}]},{"@type":"WebSite","@id":"https:\/\/www.chateau-calissanne.fr\/#website","url":"https:\/\/www.chateau-calissanne.fr\/","name":"Ch\u00e2teau Calissanne | Huiles &amp; Vins de Provence","description":"Huiles &amp; Vin de Provence","publisher":{"@id":"https:\/\/www.chateau-calissanne.fr\/#organization"},"potentialAction":[{"@type":"SearchAction","target":{"@type":"EntryPoint","urlTemplate":"https:\/\/www.chateau-calissanne.fr\/?s={search_term_string}"},"query-input":{"@type":"PropertyValueSpecification","valueRequired":true,"valueName":"search_term_string"}}],"inLanguage":"de"},{"@type":"Organization","@id":"https:\/\/www.chateau-calissanne.fr\/#organization","name":"Ch\u00e2teau Calissanne","url":"https:\/\/www.chateau-calissanne.fr\/","logo":{"@type":"ImageObject","inLanguage":"de","@id":"https:\/\/www.chateau-calissanne.fr\/#\/schema\/logo\/image\/","url":"https:\/\/www.chateau-calissanne.fr\/wp-content\/uploads\/2021\/11\/chateau-calissanne-logo-calissanne.svg","contentUrl":"https:\/\/www.chateau-calissanne.fr\/wp-content\/uploads\/2021\/11\/chateau-calissanne-logo-calissanne.svg","width":"1024","height":"1024","caption":"Ch\u00e2teau Calissanne"},"image":{"@id":"https:\/\/www.chateau-calissanne.fr\/#\/schema\/logo\/image\/"}}]}},"_links":{"self":[{"href":"https:\/\/www.chateau-calissanne.fr\/de\/wp-json\/wp\/v2\/pages\/4356","targetHints":{"allow":["GET"]}}],"collection":[{"href":"https:\/\/www.chateau-calissanne.fr\/de\/wp-json\/wp\/v2\/pages"}],"about":[{"href":"https:\/\/www.chateau-calissanne.fr\/de\/wp-json\/wp\/v2\/types\/page"}],"author":[{"embeddable":true,"href":"https:\/\/www.chateau-calissanne.fr\/de\/wp-json\/wp\/v2\/users\/1"}],"replies":[{"embeddable":true,"href":"https:\/\/www.chateau-calissanne.fr\/de\/wp-json\/wp\/v2\/comments?post=4356"}],"version-history":[{"count":3,"href":"https:\/\/www.chateau-calissanne.fr\/de\/wp-json\/wp\/v2\/pages\/4356\/revisions"}],"predecessor-version":[{"id":4360,"href":"https:\/\/www.chateau-calissanne.fr\/de\/wp-json\/wp\/v2\/pages\/4356\/revisions\/4360"}],"up":[{"embeddable":true,"href":"https:\/\/www.chateau-calissanne.fr\/de\/wp-json\/wp\/v2\/pages\/4341"}],"wp:attachment":[{"href":"https:\/\/www.chateau-calissanne.fr\/de\/wp-json\/wp\/v2\/media?parent=4356"}],"curies":[{"name":"wp","href":"https:\/\/api.w.org\/{rel}","templated":true}]}}