{"id":4371,"date":"2018-02-12T18:06:48","date_gmt":"2018-02-12T17:06:48","guid":{"rendered":"https:\/\/www.chateau-calissanne.fr\/le-livre\/"},"modified":"2018-05-11T10:10:43","modified_gmt":"2018-05-11T08:10:43","slug":"buch","status":"publish","type":"page","link":"https:\/\/www.chateau-calissanne.fr\/de\/buch\/","title":{"rendered":"Buch"},"content":{"rendered":"<p>[et_pb_section fb_built=&#8220;1&#8243; fullwidth=&#8220;on&#8220; _builder_version=&#8220;3.0.101&#8243; custom_padding=&#8220;0px|0px|0px|0px&#8220;][et_pb_fullwidth_slider show_arrows=&#8220;off&#8220; show_pagination=&#8220;off&#8220; admin_label=&#8220;Curseur de d\u00e9filement plein \u00e9cran&#8220; _builder_version=&#8220;3.0.106&#8243; custom_padding=&#8220;15em||10em|&#8220;][et_pb_slide heading=&#8220;Buch&#8220; use_bg_overlay=&#8220;on&#8220; bg_overlay_color=&#8220;rgba(0,0,0,0.3)&#8220; use_text_overlay=&#8220;off&#8220; _builder_version=&#8220;3.0.106&#8243; background_image=&#8220;https:\/\/www.chateau-calissanne.fr\/wp-content\/uploads\/2018\/03\/CALISSANNE_BandeauLivre-1.jpg&#8220; custom_button=&#8220;off&#8220; button_on_hover=&#8220;on&#8220;][\/et_pb_slide][\/et_pb_fullwidth_slider][\/et_pb_section][et_pb_section fb_built=&#8220;1&#8243; background_color=&#8220;#a40404&#8243; _builder_version=&#8220;3.0.106&#8243; custom_padding=&#8220;0|0px|0|0px&#8220;][et_pb_row custom_padding=&#8220;3%|10%|3%|10%&#8220; custom_padding_phone=&#8220;|0px||0px&#8220; custom_padding_last_edited=&#8220;on|phone&#8220; _builder_version=&#8220;3.0.106&#8243; background_size=&#8220;initial&#8220; background_position=&#8220;top_left&#8220; background_repeat=&#8220;repeat&#8220;][et_pb_column type=&#8220;4_4&#8243; _builder_version=&#8220;3.0.47&#8243; parallax=&#8220;off&#8220; parallax_method=&#8220;on&#8220;][et_pb_text _builder_version=&#8220;3.0.106&#8243; header_font=&#8220;||||||||&#8220; header_3_font=&#8220;||||||||&#8220; header_3_font_size_phone=&#8220;27px&#8220; header_3_font_size_last_edited=&#8220;on|desktop&#8220;]<\/p>\n<h3 style=\"text-align: center;\"><span style=\"color: #ffffff;\">Kleine Anekdoten kreuzen sich mit der gro\u00dfen Geschichte vom Schloss Calissanne. <\/span><\/h3>\n<p>[\/et_pb_text][\/et_pb_column][\/et_pb_row][\/et_pb_section][et_pb_section fb_built=&#8220;1&#8243; background_color=&#8220;#fff&#8220; _builder_version=&#8220;3.0.106&#8243; custom_padding=&#8220;22px|0px|0|0px&#8220;][et_pb_row _builder_version=&#8220;3.0.106&#8243;][et_pb_column type=&#8220;1_2&#8243; _builder_version=&#8220;3.0.47&#8243; parallax=&#8220;off&#8220; parallax_method=&#8220;on&#8220;][et_pb_text _builder_version=&#8220;3.0.106&#8243; custom_margin=&#8220;|||&#8220;]<\/p>\n<p style=\"text-align: justify;\"><span style=\"font-size: 17px;\">Calissanne ist auch ein sehr sch\u00f6nes Buch, das sich all denjenigen gut schenken l\u00e4sst, die die Provence und ihr Art de vivre zu sch\u00e4tzen wissen. Hier wird die Geschichte unseres untypischen Anbaugebiets anschaulich wiedergegeben.<br \/>Tauchen Sie ein in die Provence, die Natur und den Reichtum, den ein Familienbesitz von mehr als 1200 Hektar Land mit sich bringt!<br \/>In Calissanne begeistert an allererster Stelle die Intensit\u00e4t der hier schier ungeb\u00e4ndigten Natur, das unendlichen Dickicht aus Stech- und Korkeichen, welches auf der dem Mistral zugewandten Seite von einer schroffen Steilfelsenkette beherrscht wird und sich am s\u00fcdlichen Ufer der Meeresbucht Etang de Berre befindet. Zwischen den magischen Horizonten, die noch provenzalischer kaum anmuten k\u00f6nnten, befindet sich ein vorbildlicher Landwirtschaftsbetrieb mit \u201emehr als 1000 der Sonne zugewandten Hektar Land.\u201c<br \/>Das Buch rekonstruiert die Geschichte des Landguts, die Geschichte der einstigen Vollbringer jener Eroberung, die Geschichte ihrer Berufe und der Berufe all seiner Besitzer, die sich r\u00fchmen d\u00fcrfen, es in seiner Einheit gest\u00e4rkt zu haben. Das r\u00f6mische Oppidum, das den Salinen und den begehrlichen Blicken der Nachbarn abgewonnene Land, ein \u201eFluss\u201c, der hier erneut hervortritt und in die Meeresbucht m\u00fcndet, beides auf ein- und demselben Landgut, ein architektonisches Erbe, ein \u00f6kologisches Gleichgewicht &#8230;\u00a0<\/span><\/p>\n<p><strong>Text von Jacques Mazel &#8211; Fotos von Pierre Soissons.<\/strong><\/p>\n<p><strong>Verlag: Quelque Part sur Terre.\u00a0<br \/>160 Seiten. 300x235mm &#8211; Gebundene Ausgabe.\u00a0<br \/>Preis: 29,00 \u20ac<\/strong><\/p>\n<p>&nbsp;<\/p>\n<p>[\/et_pb_text][et_pb_button button_url=&#8220;https:\/\/calissanneboutique.fr\/products\/livre-calissanne-terre-de-conquetes&#8220; button_text=&#8220;&gt; Kaufen&#8220; button_alignment=&#8220;center&#8220; background_layout=&#8220;dark&#8220; _builder_version=&#8220;3.0.106&#8243; custom_margin=&#8220;|||&#8220; custom_padding=&#8220;|||&#8220; custom_button=&#8220;on&#8220; button_text_size=&#8220;13px&#8220; button_text_color=&#8220;#16202f&#8220; button_border_width=&#8220;1px&#8220; button_border_radius=&#8220;0px&#8220; button_letter_spacing=&#8220;3px&#8220; button_font=&#8220;Karla|||on|||||&#8220; button_bg_color_hover=&#8220;#545554&#8243; animation_direction=&#8220;bottom&#8220;][\/et_pb_button][\/et_pb_column][et_pb_column type=&#8220;1_2&#8243; _builder_version=&#8220;3.0.47&#8243; parallax=&#8220;off&#8220; parallax_method=&#8220;on&#8220;][et_pb_image src=&#8220;https:\/\/www.chateau-calissanne.fr\/wp-content\/uploads\/2018\/03\/CALISSANNE_CouvertureLivre.png&#8220; _builder_version=&#8220;3.0.106&#8243;][\/et_pb_image][et_pb_image src=&#8220;https:\/\/www.chateau-calissanne.fr\/wp-content\/uploads\/2018\/03\/CALISSANNE_Livre_3-1.jpg&#8220; _builder_version=&#8220;3.0.106&#8243;][\/et_pb_image][\/et_pb_column][\/et_pb_row][\/et_pb_section]<\/p>\n","protected":false},"excerpt":{"rendered":"<p>Kleine Anekdoten kreuzen sich mit der gro\u00dfen Geschichte vom Schloss Calissanne. Calissanne ist auch ein sehr sch\u00f6nes Buch, das sich all denjenigen gut schenken l\u00e4sst, die die Provence und ihr Art de vivre zu sch\u00e4tzen wissen. Hier wird die Geschichte unseres untypischen Anbaugebiets anschaulich wiedergegeben.Tauchen Sie ein in die Provence, die Natur und den Reichtum, [&hellip;]<\/p>\n","protected":false},"author":1,"featured_media":0,"parent":0,"menu_order":0,"comment_status":"closed","ping_status":"closed","template":"","meta":{"_acf_changed":false,"_et_pb_use_builder":"on","_et_pb_old_content":"","_et_gb_content_width":"","inline_featured_image":false,"footnotes":""},"class_list":["post-4371","page","type-page","status-publish","hentry"],"acf":[],"yoast_head":"<!-- This site is optimized with the Yoast SEO plugin v25.4 - https:\/\/yoast.com\/wordpress\/plugins\/seo\/ -->\n<title>Le Livre de Calissanne vu par Pierre Soissons<\/title>\n<meta name=\"description\" content=\"Calissanne c\u2019est aussi un tr\u00e8s beau livre \u00e0 offrir aux amoureux de Provence et d\u2019art de vivre, retra\u00e7ant l\u2019histoire de ce territoire atypique. Plonger dans la Provence, la nature et la richesse d\u2019une propri\u00e9t\u00e9 Familiale de plus de 1 200 hectares. Les photos sont de Pierre Soissons et les textes de Jacques Mazel.\" \/>\n<meta name=\"robots\" content=\"index, follow, max-snippet:-1, max-image-preview:large, max-video-preview:-1\" \/>\n<link rel=\"canonical\" href=\"https:\/\/www.chateau-calissanne.fr\/de\/buch\/\" \/>\n<meta property=\"og:locale\" content=\"de_DE\" \/>\n<meta property=\"og:type\" content=\"article\" \/>\n<meta property=\"og:title\" content=\"Le Livre de Calissanne vu par Pierre Soissons\" \/>\n<meta property=\"og:description\" content=\"Calissanne c\u2019est aussi un tr\u00e8s beau livre \u00e0 offrir aux amoureux de Provence et d\u2019art de vivre, retra\u00e7ant l\u2019histoire de ce territoire atypique. Plonger dans la Provence, la nature et la richesse d\u2019une propri\u00e9t\u00e9 Familiale de plus de 1 200 hectares. Les photos sont de Pierre Soissons et les textes de Jacques Mazel.\" \/>\n<meta property=\"og:url\" content=\"https:\/\/www.chateau-calissanne.fr\/de\/buch\/\" \/>\n<meta property=\"og:site_name\" content=\"Ch\u00e2teau Calissanne | Huiles &amp; Vins de Provence\" \/>\n<meta property=\"article:modified_time\" content=\"2018-05-11T08:10:43+00:00\" \/>\n<meta name=\"twitter:card\" content=\"summary_large_image\" \/>\n<meta name=\"twitter:label1\" content=\"Gesch\u00e4tzte Lesezeit\" \/>\n\t<meta name=\"twitter:data1\" content=\"3\u00a0Minuten\" \/>\n<script type=\"application\/ld+json\" class=\"yoast-schema-graph\">{\"@context\":\"https:\/\/schema.org\",\"@graph\":[{\"@type\":\"WebPage\",\"@id\":\"https:\/\/www.chateau-calissanne.fr\/de\/buch\/\",\"url\":\"https:\/\/www.chateau-calissanne.fr\/de\/buch\/\",\"name\":\"Le Livre de Calissanne vu par Pierre Soissons\",\"isPartOf\":{\"@id\":\"https:\/\/www.chateau-calissanne.fr\/#website\"},\"datePublished\":\"2018-02-12T17:06:48+00:00\",\"dateModified\":\"2018-05-11T08:10:43+00:00\",\"description\":\"Calissanne c\u2019est aussi un tr\u00e8s beau livre \u00e0 offrir aux amoureux de Provence et d\u2019art de vivre, retra\u00e7ant l\u2019histoire de ce territoire atypique. Plonger dans la Provence, la nature et la richesse d\u2019une propri\u00e9t\u00e9 Familiale de plus de 1 200 hectares. Les photos sont de Pierre Soissons et les textes de Jacques Mazel.\",\"breadcrumb\":{\"@id\":\"https:\/\/www.chateau-calissanne.fr\/de\/buch\/#breadcrumb\"},\"inLanguage\":\"de\",\"potentialAction\":[{\"@type\":\"ReadAction\",\"target\":[\"https:\/\/www.chateau-calissanne.fr\/de\/buch\/\"]}]},{\"@type\":\"BreadcrumbList\",\"@id\":\"https:\/\/www.chateau-calissanne.fr\/de\/buch\/#breadcrumb\",\"itemListElement\":[{\"@type\":\"ListItem\",\"position\":1,\"name\":\"Accueil\",\"item\":\"https:\/\/www.chateau-calissanne.fr\/de\/\"},{\"@type\":\"ListItem\",\"position\":2,\"name\":\"Buch\"}]},{\"@type\":\"WebSite\",\"@id\":\"https:\/\/www.chateau-calissanne.fr\/#website\",\"url\":\"https:\/\/www.chateau-calissanne.fr\/\",\"name\":\"Ch\u00e2teau Calissanne | Huiles &amp; Vins de Provence\",\"description\":\"Huiles &amp; Vin de Provence\",\"publisher\":{\"@id\":\"https:\/\/www.chateau-calissanne.fr\/#organization\"},\"potentialAction\":[{\"@type\":\"SearchAction\",\"target\":{\"@type\":\"EntryPoint\",\"urlTemplate\":\"https:\/\/www.chateau-calissanne.fr\/?s={search_term_string}\"},\"query-input\":{\"@type\":\"PropertyValueSpecification\",\"valueRequired\":true,\"valueName\":\"search_term_string\"}}],\"inLanguage\":\"de\"},{\"@type\":\"Organization\",\"@id\":\"https:\/\/www.chateau-calissanne.fr\/#organization\",\"name\":\"Ch\u00e2teau Calissanne\",\"url\":\"https:\/\/www.chateau-calissanne.fr\/\",\"logo\":{\"@type\":\"ImageObject\",\"inLanguage\":\"de\",\"@id\":\"https:\/\/www.chateau-calissanne.fr\/#\/schema\/logo\/image\/\",\"url\":\"https:\/\/www.chateau-calissanne.fr\/wp-content\/uploads\/2021\/11\/chateau-calissanne-logo-calissanne.svg\",\"contentUrl\":\"https:\/\/www.chateau-calissanne.fr\/wp-content\/uploads\/2021\/11\/chateau-calissanne-logo-calissanne.svg\",\"width\":\"1024\",\"height\":\"1024\",\"caption\":\"Ch\u00e2teau Calissanne\"},\"image\":{\"@id\":\"https:\/\/www.chateau-calissanne.fr\/#\/schema\/logo\/image\/\"}}]}<\/script>\n<!-- \/ Yoast SEO plugin. -->","yoast_head_json":{"title":"Le Livre de Calissanne vu par Pierre Soissons","description":"Calissanne c\u2019est aussi un tr\u00e8s beau livre \u00e0 offrir aux amoureux de Provence et d\u2019art de vivre, retra\u00e7ant l\u2019histoire de ce territoire atypique. Plonger dans la Provence, la nature et la richesse d\u2019une propri\u00e9t\u00e9 Familiale de plus de 1 200 hectares. Les photos sont de Pierre Soissons et les textes de Jacques Mazel.","robots":{"index":"index","follow":"follow","max-snippet":"max-snippet:-1","max-image-preview":"max-image-preview:large","max-video-preview":"max-video-preview:-1"},"canonical":"https:\/\/www.chateau-calissanne.fr\/de\/buch\/","og_locale":"de_DE","og_type":"article","og_title":"Le Livre de Calissanne vu par Pierre Soissons","og_description":"Calissanne c\u2019est aussi un tr\u00e8s beau livre \u00e0 offrir aux amoureux de Provence et d\u2019art de vivre, retra\u00e7ant l\u2019histoire de ce territoire atypique. Plonger dans la Provence, la nature et la richesse d\u2019une propri\u00e9t\u00e9 Familiale de plus de 1 200 hectares. Les photos sont de Pierre Soissons et les textes de Jacques Mazel.","og_url":"https:\/\/www.chateau-calissanne.fr\/de\/buch\/","og_site_name":"Ch\u00e2teau Calissanne | Huiles &amp; Vins de Provence","article_modified_time":"2018-05-11T08:10:43+00:00","twitter_card":"summary_large_image","twitter_misc":{"Gesch\u00e4tzte Lesezeit":"3\u00a0Minuten"},"schema":{"@context":"https:\/\/schema.org","@graph":[{"@type":"WebPage","@id":"https:\/\/www.chateau-calissanne.fr\/de\/buch\/","url":"https:\/\/www.chateau-calissanne.fr\/de\/buch\/","name":"Le Livre de Calissanne vu par Pierre Soissons","isPartOf":{"@id":"https:\/\/www.chateau-calissanne.fr\/#website"},"datePublished":"2018-02-12T17:06:48+00:00","dateModified":"2018-05-11T08:10:43+00:00","description":"Calissanne c\u2019est aussi un tr\u00e8s beau livre \u00e0 offrir aux amoureux de Provence et d\u2019art de vivre, retra\u00e7ant l\u2019histoire de ce territoire atypique. Plonger dans la Provence, la nature et la richesse d\u2019une propri\u00e9t\u00e9 Familiale de plus de 1 200 hectares. Les photos sont de Pierre Soissons et les textes de Jacques Mazel.","breadcrumb":{"@id":"https:\/\/www.chateau-calissanne.fr\/de\/buch\/#breadcrumb"},"inLanguage":"de","potentialAction":[{"@type":"ReadAction","target":["https:\/\/www.chateau-calissanne.fr\/de\/buch\/"]}]},{"@type":"BreadcrumbList","@id":"https:\/\/www.chateau-calissanne.fr\/de\/buch\/#breadcrumb","itemListElement":[{"@type":"ListItem","position":1,"name":"Accueil","item":"https:\/\/www.chateau-calissanne.fr\/de\/"},{"@type":"ListItem","position":2,"name":"Buch"}]},{"@type":"WebSite","@id":"https:\/\/www.chateau-calissanne.fr\/#website","url":"https:\/\/www.chateau-calissanne.fr\/","name":"Ch\u00e2teau Calissanne | Huiles &amp; Vins de Provence","description":"Huiles &amp; Vin de Provence","publisher":{"@id":"https:\/\/www.chateau-calissanne.fr\/#organization"},"potentialAction":[{"@type":"SearchAction","target":{"@type":"EntryPoint","urlTemplate":"https:\/\/www.chateau-calissanne.fr\/?s={search_term_string}"},"query-input":{"@type":"PropertyValueSpecification","valueRequired":true,"valueName":"search_term_string"}}],"inLanguage":"de"},{"@type":"Organization","@id":"https:\/\/www.chateau-calissanne.fr\/#organization","name":"Ch\u00e2teau Calissanne","url":"https:\/\/www.chateau-calissanne.fr\/","logo":{"@type":"ImageObject","inLanguage":"de","@id":"https:\/\/www.chateau-calissanne.fr\/#\/schema\/logo\/image\/","url":"https:\/\/www.chateau-calissanne.fr\/wp-content\/uploads\/2021\/11\/chateau-calissanne-logo-calissanne.svg","contentUrl":"https:\/\/www.chateau-calissanne.fr\/wp-content\/uploads\/2021\/11\/chateau-calissanne-logo-calissanne.svg","width":"1024","height":"1024","caption":"Ch\u00e2teau Calissanne"},"image":{"@id":"https:\/\/www.chateau-calissanne.fr\/#\/schema\/logo\/image\/"}}]}},"_links":{"self":[{"href":"https:\/\/www.chateau-calissanne.fr\/de\/wp-json\/wp\/v2\/pages\/4371","targetHints":{"allow":["GET"]}}],"collection":[{"href":"https:\/\/www.chateau-calissanne.fr\/de\/wp-json\/wp\/v2\/pages"}],"about":[{"href":"https:\/\/www.chateau-calissanne.fr\/de\/wp-json\/wp\/v2\/types\/page"}],"author":[{"embeddable":true,"href":"https:\/\/www.chateau-calissanne.fr\/de\/wp-json\/wp\/v2\/users\/1"}],"replies":[{"embeddable":true,"href":"https:\/\/www.chateau-calissanne.fr\/de\/wp-json\/wp\/v2\/comments?post=4371"}],"version-history":[{"count":4,"href":"https:\/\/www.chateau-calissanne.fr\/de\/wp-json\/wp\/v2\/pages\/4371\/revisions"}],"predecessor-version":[{"id":4505,"href":"https:\/\/www.chateau-calissanne.fr\/de\/wp-json\/wp\/v2\/pages\/4371\/revisions\/4505"}],"wp:attachment":[{"href":"https:\/\/www.chateau-calissanne.fr\/de\/wp-json\/wp\/v2\/media?parent=4371"}],"curies":[{"name":"wp","href":"https:\/\/api.w.org\/{rel}","templated":true}]}}