{"id":4818,"date":"2018-08-30T11:11:58","date_gmt":"2018-08-30T09:11:58","guid":{"rendered":"https:\/\/www.chateau-calissanne.fr\/?page_id=4818"},"modified":"2018-08-30T11:11:58","modified_gmt":"2018-08-30T09:11:58","slug":"rechtliche-informationen","status":"publish","type":"page","link":"https:\/\/www.chateau-calissanne.fr\/de\/rechtliche-informationen\/","title":{"rendered":"Rechtliche Informationen"},"content":{"rendered":"<p>[et_pb_section fb_built=&#8220;1&#8243; fullwidth=&#8220;on&#8220; _builder_version=&#8220;3.0.101&#8243; custom_padding=&#8220;0px|0px|0px|0px&#8220;][et_pb_fullwidth_slider show_arrows=&#8220;off&#8220; show_pagination=&#8220;off&#8220; admin_label=&#8220;Curseur de d\u00e9filement plein \u00e9cran&#8220; _builder_version=&#8220;3.0.101&#8243; custom_padding=&#8220;15em||10em|&#8220;][et_pb_slide heading=&#8220;Mentions l\u00e9gales&#8220; use_bg_overlay=&#8220;on&#8220; bg_overlay_color=&#8220;rgba(0,0,0,0.3)&#8220; use_text_overlay=&#8220;off&#8220; _builder_version=&#8220;3.0.101&#8243; background_image=&#8220;https:\/\/www.chateau-calissanne.fr\/wp-content\/uploads\/2018\/02\/Home-ChateauCalissanne-1.jpg&#8220; custom_button=&#8220;off&#8220; button_on_hover=&#8220;on&#8220;]<\/p>\n<p style=\"text-align: center;\">Ch\u00e2teau Calissanne<\/p>\n<p>[\/et_pb_slide][\/et_pb_fullwidth_slider][\/et_pb_section][et_pb_section fb_built=&#8220;1&#8243; background_color=&#8220;#e6e7e8&#8243; _builder_version=&#8220;3.0.101&#8243; custom_padding=&#8220;0|0px|54px|0px&#8220;][et_pb_row _builder_version=&#8220;3.0.106&#8243;][et_pb_column type=&#8220;4_4&#8243; _builder_version=&#8220;3.0.47&#8243; parallax=&#8220;off&#8220; parallax_method=&#8220;on&#8220;][et_pb_text _builder_version=&#8220;3.0.106&#8243;]<\/p>\n<h4 class=\"none\">Editeur<\/h4>\n<p><span class=\"textefiche\">Ce site est \u00e9dit\u00e9 par\u00a0<\/span><span style=\"font-size: 17px;\">La Jasso de Calissanne est une soci\u00e9t\u00e9 par actions simplifi\u00e9e au capital de 672.600 euros dont le si\u00e8ge social est sis domaine de Calissanne \u2013 RD 10 \u2013 13680 Lan\u00e7on-Provence, immatricul\u00e9e sous le num\u00e9ro unique d\u2019identification B 441 530 888 R.C.S Salon de Provence. TVA intracommunautaire Fr 584 415 30888, n\u00b0 Siret 441 530 888 000 11<\/span><\/p>\n<p><span class=\"textefiche\">T\u00e9l: + 33 (0) 4 90 42 63 03 \u2022 <a href=\"mailto:commercial@chateau-calissanne.fr\">commercial@chateau-calissanne.fr<\/a><\/span><\/p>\n<h4 class=\"none\">Responsable de la publication<\/h4>\n<div class=\"none\"><span class=\"textefiche\">Sophie Kessler Mati\u00e8re, Propri\u00e9taire r\u00e9coltant<\/span><\/div>\n<p>&nbsp;<\/p>\n<h4 class=\"none\">Phototh\u00e8ques<\/h4>\n<p>Herv\u00e9 Fabre \u2022 Auteur Photographe<br \/>\nFranck Couvreur \u2022 Auteur Photographe<br \/>\nLionel Moulet \u2022 Auteur Photographe<br \/>\nC\u00e9dric Prat \u2022 Auteur Photographe<br \/>\nPierre Soissons \u2022 Auteur Photographe<br \/>\nimagera.fr \u2022 agence de photographie<\/p>\n<p>&nbsp;<\/p>\n<h4 class=\"none\">Cr\u00e9ation et Web design<\/h4>\n<div class=\"none\"><span class=\"textefiche\">Sylvie Coulon \/ Terre Neuve &#8211; L&#8217;Orangerie &#8211; 14bis, RN7 &#8211; BP 38 &#8211; 84370 B\u00e9darrides &#8211; France<br \/>\nT\u00e9l. 04 90 33 00 40 &#8211; Fax 04 90 33 21 94<br \/>\n<a href=\"mailto:contact@terreneuve.com\">contact@terreneuve.com<\/a>\u00a0&#8211;\u00a0<a href=\"http:\/\/www.terreneuve.com\/\" target=\"_blank\" rel=\"noopener\">www.terreneuve.com<\/a><\/span><\/div>\n<p>&nbsp;<\/p>\n<h4 class=\"none\">Production et h\u00e9bergement<\/h4>\n<p>Ce site web est h\u00e9berg\u00e9 sur OVH<\/p>\n<p>&nbsp;<\/p>\n<h4 class=\"none\">Droit de propri\u00e9t\u00e9 La jasso de Calissanne<\/h4>\n<p>&nbsp;<\/p>\n<div class=\"none\"><span class=\"textefiche\">L&#8217;ensemble des \u00e9l\u00e9ments de ce site est prot\u00e9g\u00e9 par copyright \u00a9 &#8211; tous droits r\u00e9serv\u00e9s.<br \/>\nLa reproduction de tous documents publi\u00e9s sur le site est seulement autoris\u00e9e aux fins exclusives d&#8217;information pour un usage personnel et priv\u00e9, toute reproduction et toute utilisation de copies r\u00e9alis\u00e9es \u00e0 d&#8217;autres fins \u00e9tant express\u00e9ment interdite. Il est \u00e9galement interdit de copier, modifier, cr\u00e9er une \u0153uvre d\u00e9riv\u00e9e, inverser la conception ou l&#8217;assemblage ou de toute autre mani\u00e8re tenter de trouver le code source (\u00e0 l&#8217;exception des cas pr\u00e9vus par la loi), vendre, attribuer, sous-licencier ou transf\u00e9rer de quelque mani\u00e8re que ce soit tout droit aff\u00e9rant aux logiciels. Les dessins, photographies, images, textes, s\u00e9quences anim\u00e9es sonores ou non, et autres documentations repr\u00e9sent\u00e9es sur le pr\u00e9sent site internet sont objets de droits de propri\u00e9t\u00e9 industrielle et\/ou intellectuelle, propri\u00e9t\u00e9s de la Jasso de Calissanne. A ce titre, toute reproduction, repr\u00e9sentation, adaptation, traduction, et\/ou transformation, partielle ou int\u00e9grale, ou transfert sur un autre site sont interdits. La copie \u00e0 usage priv\u00e9 de ces diff\u00e9rents objets de droit est autoris\u00e9e moyennant mention de la source. Les renseignements et pr\u00e9sentations contenus dans les pages de ce site sont fournis \u00e0 titre purement indicatif et restent susceptibles de modifications \u00e0 tout moment et sans pr\u00e9avis. Leur utilisation \u00e0 des fins priv\u00e9es ou professionnelles ne saurait engager la responsabilit\u00e9 de la Jasso de Calissanne de quelque mani\u00e8re que ce soit la Jasso de Calissanne ne peut garantir l&#8217;exactitude, la pr\u00e9cision ou l&#8217;exhaustivit\u00e9 des informations mises \u00e0 disposition sur ce site; les photos ne sont pas contractuelles.<br \/>\nLa Jasso de Calissanne se r\u00e9serve le droit de demander des dommages et int\u00e9r\u00eats en cas de contrefa\u00e7on et plus g\u00e9n\u00e9ralement d&#8217;atteinte \u00e0 ses droits de propri\u00e9t\u00e9 intellectuelle.<\/span><\/div>\n<p><span style=\"font-size: 17px;\">\u00a0<\/span><\/p>\n<h2 class=\"none\">Conditions d&#8217;utilisation du site<\/h2>\n<p><span style=\"font-size: 17px;\">1. Le pr\u00e9sent site Web et l&#8217;ensemble de son contenu, y compris textes, images fixes ou anim\u00e9es, bases de donn\u00e9es, programmes, langages&#8230; ci-apr\u00e8s le Site Web, est prot\u00e9g\u00e9 par le droit d&#8217;auteur. L&#8217;autorisation de reproduction ne vous est conc\u00e9d\u00e9e que sous forme num\u00e9rique en consultation. L&#8217;impression papier est autoris\u00e9e aux fins de copie priv\u00e9e \u00e0 l&#8217;usage exclusif du copiste au sens de l&#8217;article L. 122-5 2 du Code de la Propri\u00e9t\u00e9 Intellectuelle.<\/span><\/p>\n<div class=\"none\"><span class=\"textefiche\"> 2. Les informations contenues dans le pr\u00e9sent site Web sont donn\u00e9es \u00e0 titre indicatif et sont sujettes \u00e0 changement sans pr\u00e9avis. Nous ne pouvons garantir l&#8217;exactitude des informations qu&#8217;il contient, ni le fonctionnement du site Web dans tous les cas de figure.<\/span><\/div>\n<p>&nbsp;<\/p>\n<h2 class=\"none\">Informatiques &amp; Libert\u00e9s<\/h2>\n<div class=\"none\"><span class=\"textefiche\">Vous disposez d&#8217;un droit d&#8217;acc\u00e8s, de modification, de rectification et de suppression des donn\u00e9es qui vous concernent (art. 34 de la loi 78-17 du 6\/01\/1978 relative \u00e0 l&#8217;Informatique, aux fichiers et aux libert\u00e9s).<br \/>\nVous pouvez exercer ce droit en nous \u00e9crivant \u00e0 l&#8217;adresse La Jasso de Calissanne- Domaine de Calissanne \u2013 RD 10 \u2013 13680 Lan\u00e7on-Provence.<\/span><\/div>\n<div class=\"none\"><span class=\"textefiche\">Nous avons d\u00e9clar\u00e9 la collecte et le traitement de vos Donn\u00e9es Personnelles aupr\u00e8s de la Commission Nationale de l\u2019Informatique et des Libert\u00e9s (ci-apr\u00e8s d\u00e9sign\u00e9e la \u00ab\u00a0CNIL\u00a0\u00bb) sous le num\u00e9ro de d\u00e9claration 2172505 v 0.<\/span><\/div>\n<p>&nbsp;<\/p>\n<h2 class=\"none\">Liens hypertextes<\/h2>\n<div class=\"none\"><span class=\"textefiche\">La pr\u00e9sence de liens hypertexte renvoyant vers d&#8217;autres sites ne constitue pas une garantie sur la qualit\u00e9 de contenu et de bon fonctionnement desdits sites. Notre responsabilit\u00e9 ne saurait \u00eatre engag\u00e9e quant au contenu de ces sites. L&#8217;internaute doit utiliser ces informations avec les pr\u00e9cautions d&#8217;usage.<br \/>\nLa cr\u00e9ation de liens hypertexte vers nos sites est soumise \u00e0 notre accord pr\u00e9alable. Dans le cas de la cr\u00e9ation d&#8217;un lien hypertexte vers nos sites qui n&#8217;aurait pas fait l&#8217;objet d&#8217;un accord pr\u00e9alable, nous nous r\u00e9servons le droit d&#8217;exiger \u00e0 tout moment le retrait dudit lien hypertexte pointant sur nos sites.<\/span><\/div>\n<p>&nbsp;<\/p>\n<h2 class=\"none\">Contact<\/h2>\n<p>Ch\u00e2teau Calissanne \u2022 Route D\u00e9partementale n\u00b0 10 \u2022 13680 Lan\u00e7on-Provence \u2022 France \u2022 T\u00e9l : +33 (0)4 90 42 63 03<\/p>\n<p>[\/et_pb_text][\/et_pb_column][\/et_pb_row][\/et_pb_section]<\/p>\n","protected":false},"excerpt":{"rendered":"<p>Ch\u00e2teau Calissanne Editeur Ce site est \u00e9dit\u00e9 par\u00a0La Jasso de Calissanne est une soci\u00e9t\u00e9 par actions simplifi\u00e9e au capital de 672.600 euros dont le si\u00e8ge social est sis domaine de Calissanne \u2013 RD 10 \u2013 13680 Lan\u00e7on-Provence, immatricul\u00e9e sous le num\u00e9ro unique d\u2019identification B 441 530 888 R.C.S Salon de Provence. TVA intracommunautaire Fr 584 [&hellip;]<\/p>\n","protected":false},"author":2,"featured_media":0,"parent":0,"menu_order":0,"comment_status":"closed","ping_status":"closed","template":"","meta":{"_acf_changed":false,"_et_pb_use_builder":"on","_et_pb_old_content":"","_et_gb_content_width":"","inline_featured_image":false,"footnotes":""},"class_list":["post-4818","page","type-page","status-publish","hentry"],"acf":[],"yoast_head":"<!-- This site is optimized with the Yoast SEO plugin v25.4 - https:\/\/yoast.com\/wordpress\/plugins\/seo\/ -->\n<title>Rechtliche Informationen - Ch\u00e2teau Calissanne | Huiles &amp; Vins de Provence<\/title>\n<meta name=\"robots\" content=\"index, follow, max-snippet:-1, max-image-preview:large, max-video-preview:-1\" \/>\n<link rel=\"canonical\" href=\"https:\/\/www.chateau-calissanne.fr\/de\/rechtliche-informationen\/\" \/>\n<meta property=\"og:locale\" content=\"de_DE\" \/>\n<meta property=\"og:type\" content=\"article\" \/>\n<meta property=\"og:title\" content=\"Rechtliche Informationen - Ch\u00e2teau Calissanne | Huiles &amp; Vins de Provence\" \/>\n<meta property=\"og:description\" content=\"Ch\u00e2teau Calissanne Editeur Ce site est \u00e9dit\u00e9 par\u00a0La Jasso de Calissanne est une soci\u00e9t\u00e9 par actions simplifi\u00e9e au capital de 672.600 euros dont le si\u00e8ge social est sis domaine de Calissanne \u2013 RD 10 \u2013 13680 Lan\u00e7on-Provence, immatricul\u00e9e sous le num\u00e9ro unique d\u2019identification B 441 530 888 R.C.S Salon de Provence. TVA intracommunautaire Fr 584 [&hellip;]\" \/>\n<meta property=\"og:url\" content=\"https:\/\/www.chateau-calissanne.fr\/de\/rechtliche-informationen\/\" \/>\n<meta property=\"og:site_name\" content=\"Ch\u00e2teau Calissanne | Huiles &amp; Vins de Provence\" \/>\n<meta name=\"twitter:card\" content=\"summary_large_image\" \/>\n<meta name=\"twitter:label1\" content=\"Gesch\u00e4tzte Lesezeit\" \/>\n\t<meta name=\"twitter:data1\" content=\"5\u00a0Minuten\" \/>\n<script type=\"application\/ld+json\" class=\"yoast-schema-graph\">{\"@context\":\"https:\/\/schema.org\",\"@graph\":[{\"@type\":\"WebPage\",\"@id\":\"https:\/\/www.chateau-calissanne.fr\/de\/rechtliche-informationen\/\",\"url\":\"https:\/\/www.chateau-calissanne.fr\/de\/rechtliche-informationen\/\",\"name\":\"Rechtliche Informationen - Ch\u00e2teau Calissanne | Huiles &amp; Vins de Provence\",\"isPartOf\":{\"@id\":\"https:\/\/www.chateau-calissanne.fr\/#website\"},\"datePublished\":\"2018-08-30T09:11:58+00:00\",\"breadcrumb\":{\"@id\":\"https:\/\/www.chateau-calissanne.fr\/de\/rechtliche-informationen\/#breadcrumb\"},\"inLanguage\":\"de\",\"potentialAction\":[{\"@type\":\"ReadAction\",\"target\":[\"https:\/\/www.chateau-calissanne.fr\/de\/rechtliche-informationen\/\"]}]},{\"@type\":\"BreadcrumbList\",\"@id\":\"https:\/\/www.chateau-calissanne.fr\/de\/rechtliche-informationen\/#breadcrumb\",\"itemListElement\":[{\"@type\":\"ListItem\",\"position\":1,\"name\":\"Accueil\",\"item\":\"https:\/\/www.chateau-calissanne.fr\/de\/\"},{\"@type\":\"ListItem\",\"position\":2,\"name\":\"Rechtliche Informationen\"}]},{\"@type\":\"WebSite\",\"@id\":\"https:\/\/www.chateau-calissanne.fr\/#website\",\"url\":\"https:\/\/www.chateau-calissanne.fr\/\",\"name\":\"Ch\u00e2teau Calissanne | Huiles &amp; Vins de Provence\",\"description\":\"Huiles &amp; Vin de Provence\",\"publisher\":{\"@id\":\"https:\/\/www.chateau-calissanne.fr\/#organization\"},\"potentialAction\":[{\"@type\":\"SearchAction\",\"target\":{\"@type\":\"EntryPoint\",\"urlTemplate\":\"https:\/\/www.chateau-calissanne.fr\/?s={search_term_string}\"},\"query-input\":{\"@type\":\"PropertyValueSpecification\",\"valueRequired\":true,\"valueName\":\"search_term_string\"}}],\"inLanguage\":\"de\"},{\"@type\":\"Organization\",\"@id\":\"https:\/\/www.chateau-calissanne.fr\/#organization\",\"name\":\"Ch\u00e2teau Calissanne\",\"url\":\"https:\/\/www.chateau-calissanne.fr\/\",\"logo\":{\"@type\":\"ImageObject\",\"inLanguage\":\"de\",\"@id\":\"https:\/\/www.chateau-calissanne.fr\/#\/schema\/logo\/image\/\",\"url\":\"https:\/\/www.chateau-calissanne.fr\/wp-content\/uploads\/2021\/11\/chateau-calissanne-logo-calissanne.svg\",\"contentUrl\":\"https:\/\/www.chateau-calissanne.fr\/wp-content\/uploads\/2021\/11\/chateau-calissanne-logo-calissanne.svg\",\"width\":\"1024\",\"height\":\"1024\",\"caption\":\"Ch\u00e2teau Calissanne\"},\"image\":{\"@id\":\"https:\/\/www.chateau-calissanne.fr\/#\/schema\/logo\/image\/\"}}]}<\/script>\n<!-- \/ Yoast SEO plugin. -->","yoast_head_json":{"title":"Rechtliche Informationen - Ch\u00e2teau Calissanne | Huiles &amp; Vins de Provence","robots":{"index":"index","follow":"follow","max-snippet":"max-snippet:-1","max-image-preview":"max-image-preview:large","max-video-preview":"max-video-preview:-1"},"canonical":"https:\/\/www.chateau-calissanne.fr\/de\/rechtliche-informationen\/","og_locale":"de_DE","og_type":"article","og_title":"Rechtliche Informationen - Ch\u00e2teau Calissanne | Huiles &amp; Vins de Provence","og_description":"Ch\u00e2teau Calissanne Editeur Ce site est \u00e9dit\u00e9 par\u00a0La Jasso de Calissanne est une soci\u00e9t\u00e9 par actions simplifi\u00e9e au capital de 672.600 euros dont le si\u00e8ge social est sis domaine de Calissanne \u2013 RD 10 \u2013 13680 Lan\u00e7on-Provence, immatricul\u00e9e sous le num\u00e9ro unique d\u2019identification B 441 530 888 R.C.S Salon de Provence. TVA intracommunautaire Fr 584 [&hellip;]","og_url":"https:\/\/www.chateau-calissanne.fr\/de\/rechtliche-informationen\/","og_site_name":"Ch\u00e2teau Calissanne | Huiles &amp; Vins de Provence","twitter_card":"summary_large_image","twitter_misc":{"Gesch\u00e4tzte Lesezeit":"5\u00a0Minuten"},"schema":{"@context":"https:\/\/schema.org","@graph":[{"@type":"WebPage","@id":"https:\/\/www.chateau-calissanne.fr\/de\/rechtliche-informationen\/","url":"https:\/\/www.chateau-calissanne.fr\/de\/rechtliche-informationen\/","name":"Rechtliche Informationen - Ch\u00e2teau Calissanne | Huiles &amp; Vins de Provence","isPartOf":{"@id":"https:\/\/www.chateau-calissanne.fr\/#website"},"datePublished":"2018-08-30T09:11:58+00:00","breadcrumb":{"@id":"https:\/\/www.chateau-calissanne.fr\/de\/rechtliche-informationen\/#breadcrumb"},"inLanguage":"de","potentialAction":[{"@type":"ReadAction","target":["https:\/\/www.chateau-calissanne.fr\/de\/rechtliche-informationen\/"]}]},{"@type":"BreadcrumbList","@id":"https:\/\/www.chateau-calissanne.fr\/de\/rechtliche-informationen\/#breadcrumb","itemListElement":[{"@type":"ListItem","position":1,"name":"Accueil","item":"https:\/\/www.chateau-calissanne.fr\/de\/"},{"@type":"ListItem","position":2,"name":"Rechtliche Informationen"}]},{"@type":"WebSite","@id":"https:\/\/www.chateau-calissanne.fr\/#website","url":"https:\/\/www.chateau-calissanne.fr\/","name":"Ch\u00e2teau Calissanne | Huiles &amp; Vins de Provence","description":"Huiles &amp; Vin de Provence","publisher":{"@id":"https:\/\/www.chateau-calissanne.fr\/#organization"},"potentialAction":[{"@type":"SearchAction","target":{"@type":"EntryPoint","urlTemplate":"https:\/\/www.chateau-calissanne.fr\/?s={search_term_string}"},"query-input":{"@type":"PropertyValueSpecification","valueRequired":true,"valueName":"search_term_string"}}],"inLanguage":"de"},{"@type":"Organization","@id":"https:\/\/www.chateau-calissanne.fr\/#organization","name":"Ch\u00e2teau Calissanne","url":"https:\/\/www.chateau-calissanne.fr\/","logo":{"@type":"ImageObject","inLanguage":"de","@id":"https:\/\/www.chateau-calissanne.fr\/#\/schema\/logo\/image\/","url":"https:\/\/www.chateau-calissanne.fr\/wp-content\/uploads\/2021\/11\/chateau-calissanne-logo-calissanne.svg","contentUrl":"https:\/\/www.chateau-calissanne.fr\/wp-content\/uploads\/2021\/11\/chateau-calissanne-logo-calissanne.svg","width":"1024","height":"1024","caption":"Ch\u00e2teau Calissanne"},"image":{"@id":"https:\/\/www.chateau-calissanne.fr\/#\/schema\/logo\/image\/"}}]}},"_links":{"self":[{"href":"https:\/\/www.chateau-calissanne.fr\/de\/wp-json\/wp\/v2\/pages\/4818","targetHints":{"allow":["GET"]}}],"collection":[{"href":"https:\/\/www.chateau-calissanne.fr\/de\/wp-json\/wp\/v2\/pages"}],"about":[{"href":"https:\/\/www.chateau-calissanne.fr\/de\/wp-json\/wp\/v2\/types\/page"}],"author":[{"embeddable":true,"href":"https:\/\/www.chateau-calissanne.fr\/de\/wp-json\/wp\/v2\/users\/2"}],"replies":[{"embeddable":true,"href":"https:\/\/www.chateau-calissanne.fr\/de\/wp-json\/wp\/v2\/comments?post=4818"}],"version-history":[{"count":1,"href":"https:\/\/www.chateau-calissanne.fr\/de\/wp-json\/wp\/v2\/pages\/4818\/revisions"}],"predecessor-version":[{"id":4819,"href":"https:\/\/www.chateau-calissanne.fr\/de\/wp-json\/wp\/v2\/pages\/4818\/revisions\/4819"}],"wp:attachment":[{"href":"https:\/\/www.chateau-calissanne.fr\/de\/wp-json\/wp\/v2\/media?parent=4818"}],"curies":[{"name":"wp","href":"https:\/\/api.w.org\/{rel}","templated":true}]}}