{"id":7797,"date":"2020-01-08T18:06:39","date_gmt":"2020-01-08T17:06:39","guid":{"rendered":"https:\/\/www.chateau-calissanne.fr\/?page_id=7797"},"modified":"2020-01-08T18:06:40","modified_gmt":"2020-01-08T17:06:40","slug":"weinerzeugung-aus-eigenem-anbau-2","status":"publish","type":"page","link":"https:\/\/www.chateau-calissanne.fr\/de\/schloss-calissanne\/weinerzeugung-aus-eigenem-anbau-2\/","title":{"rendered":"schloss Weinerzeugung aus eigenem Anbau"},"content":{"rendered":"<p>[et_pb_section fb_built=&#8220;1&#8243; fullwidth=&#8220;on&#8220; _builder_version=&#8220;3.22&#8243; custom_padding=&#8220;0px|0px|0px|0px&#8220; fb_built=&#8220;1&#8243; _i=&#8220;0&#8243; _address=&#8220;0&#8243;][et_pb_fullwidth_slider show_arrows=&#8220;off&#8220; show_pagination=&#8220;off&#8220; admin_label=&#8220;Curseur de d\u00e9filement plein \u00e9cran&#8220; _builder_version=&#8220;3.16&#8243; custom_padding=&#8220;15em||10em|&#8220; _i=&#8220;0&#8243; _address=&#8220;0.0&#8243; button_text_size__hover_enabled=&#8220;off&#8220; button_one_text_size__hover_enabled=&#8220;off&#8220; button_two_text_size__hover_enabled=&#8220;off&#8220; button_text_color__hover_enabled=&#8220;off&#8220; button_one_text_color__hover_enabled=&#8220;off&#8220; button_two_text_color__hover_enabled=&#8220;off&#8220; button_border_width__hover_enabled=&#8220;off&#8220; button_one_border_width__hover_enabled=&#8220;off&#8220; button_two_border_width__hover_enabled=&#8220;off&#8220; button_border_color__hover_enabled=&#8220;off&#8220; button_one_border_color__hover_enabled=&#8220;off&#8220; button_two_border_color__hover_enabled=&#8220;off&#8220; button_border_radius__hover_enabled=&#8220;off&#8220; button_one_border_radius__hover_enabled=&#8220;off&#8220; button_two_border_radius__hover_enabled=&#8220;off&#8220; button_letter_spacing__hover_enabled=&#8220;off&#8220; button_one_letter_spacing__hover_enabled=&#8220;off&#8220; button_two_letter_spacing__hover_enabled=&#8220;off&#8220; button_bg_color__hover_enabled=&#8220;off&#8220; button_one_bg_color__hover_enabled=&#8220;off&#8220; button_two_bg_color__hover_enabled=&#8220;off&#8220;][et_pb_slide heading=&#8220;Weinerzeugung aus eigenem Anbau&#8220; use_bg_overlay=&#8220;on&#8220; bg_overlay_color=&#8220;rgba(0,0,0,0.3)&#8220; use_text_overlay=&#8220;off&#8220; _builder_version=&#8220;3.16&#8243; background_color=&#8220;#ffffff&#8220; background_image=&#8220;https:\/\/www.chateau-calissanne.fr\/wp-content\/uploads\/2018\/03\/CALISSANNE_Bandeauproprietaire.jpg&#8220; button_on_hover=&#8220;on&#8220; _i=&#8220;0&#8243; _address=&#8220;0.0.0&#8243; button_text_size__hover_enabled=&#8220;off&#8220; button_one_text_size__hover_enabled=&#8220;off&#8220; button_two_text_size__hover_enabled=&#8220;off&#8220; button_text_color__hover_enabled=&#8220;off&#8220; button_one_text_color__hover_enabled=&#8220;off&#8220; button_two_text_color__hover_enabled=&#8220;off&#8220; button_border_width__hover_enabled=&#8220;off&#8220; button_one_border_width__hover_enabled=&#8220;off&#8220; button_two_border_width__hover_enabled=&#8220;off&#8220; button_border_color__hover_enabled=&#8220;off&#8220; button_one_border_color__hover_enabled=&#8220;off&#8220; button_two_border_color__hover_enabled=&#8220;off&#8220; button_border_radius__hover_enabled=&#8220;off&#8220; button_one_border_radius__hover_enabled=&#8220;off&#8220; button_two_border_radius__hover_enabled=&#8220;off&#8220; button_letter_spacing__hover_enabled=&#8220;off&#8220; button_one_letter_spacing__hover_enabled=&#8220;off&#8220; button_two_letter_spacing__hover_enabled=&#8220;off&#8220; button_bg_color__hover_enabled=&#8220;off&#8220; button_one_bg_color__hover_enabled=&#8220;off&#8220; button_two_bg_color__hover_enabled=&#8220;off&#8220;]<\/p>\n<p style=\"text-align: center;\">Ein Familienbesitz<\/p>\n<p>[\/et_pb_slide][\/et_pb_fullwidth_slider][\/et_pb_section][et_pb_section fb_built=&#8220;1&#8243; _builder_version=&#8220;3.22&#8243; fb_built=&#8220;1&#8243; _i=&#8220;1&#8243; _address=&#8220;1&#8243;][et_pb_row _builder_version=&#8220;3.25&#8243; background_size=&#8220;initial&#8220; background_position=&#8220;top_left&#8220; background_repeat=&#8220;repeat&#8220; custom_padding=&#8220;22.8977px|0px|22px|0px&#8220; _i=&#8220;0&#8243; _address=&#8220;1.0&#8243; column_structure=&#8220;1_2,1_2&#8243;][et_pb_column type=&#8220;1_2&#8243; _builder_version=&#8220;3.25&#8243; custom_padding=&#8220;|||&#8220; _i=&#8220;0&#8243; _address=&#8220;1.0.0&#8243; custom_padding__hover=&#8220;|||&#8220;][et_pb_text admin_label=&#8220;Propri\u00e9taire r\u00e9coltant&#8220; _builder_version=&#8220;3.27.4&#8243; _i=&#8220;0&#8243; _address=&#8220;1.0.0.0&#8243;]<\/p>\n<p style=\"text-align: justify;\">2001 kauft Philippe Kessler \u201eCh\u00e2teau Calissanne\u201c und trifft die Entscheidung, das Landgut mit seinen Weinanbaufl\u00e4chen und Olivenhainen wieder aufzuforsten, Erweiterungen vorzunehmen und die Weinkellerei mit ihren G\u00e4rungsf\u00e4ssern zu modernisieren, um dadurch die Qualit\u00e4t des Weins zu verbessern.<br \/> Alle hierzu erforderlichen Arbeitsschritten werden mit gr\u00f6\u00dfter Sorgfalt und liebevoller Aufmerksamkeit angegangen.<\/p>\n<p>[\/et_pb_text][et_pb_text admin_label=&#8220;Propri\u00e9taire r\u00e9coltant&#8220; _builder_version=&#8220;3.27.4&#8243; _i=&#8220;1&#8243; _address=&#8220;1.0.0.1&#8243;][\/et_pb_text][\/et_pb_column][et_pb_column type=&#8220;1_2&#8243; _builder_version=&#8220;3.25&#8243; custom_padding=&#8220;|||&#8220; _i=&#8220;1&#8243; _address=&#8220;1.0.1&#8243; custom_padding__hover=&#8220;|||&#8220;][et_pb_text _builder_version=&#8220;3.27.4&#8243; _i=&#8220;0&#8243; _address=&#8220;1.0.1.0&#8243;]<\/p>\n<p style=\"text-align: justify;\">Heute setzen seine Ehefrau Sophie Kessler-Mati\u00e8re und sein Sohn Thomas das durch Philippe Kessler begonnene Werk fort und verfolgen weiterhin die Aufwertung der beiden Weinberge Ch\u00e2teau Calissanne mit den kontrollierten Herkunftsbezeichnungen A.O.C. C\u00f4teaux d\u2019Aix-en-Provence und dem ber\u00fchmten Clos Victoire und Rocher Rouge sowie das Weingut von Clef de Saint Thomas mit den kontrollierten Herkunftsbezeichnungen A.O.C. Ch\u00e2teauneuf-du-Pape mit seinen beiden Jahrgangsweinen Clef de St Thomas und Pierre Troupel.<\/p>\n<p>[\/et_pb_text][\/et_pb_column][\/et_pb_row][et_pb_row use_custom_gutter=&#8220;on&#8220; gutter_width=&#8220;1&#8243; make_equal=&#8220;on&#8220; module_class=&#8220; et_pb_row_fullwidth&#8220; _builder_version=&#8220;3.25&#8243; width=&#8220;100%&#8220; width_tablet=&#8220;100%&#8220; width_last_edited=&#8220;on|desktop&#8220; max_width=&#8220;100%&#8220; max_width_tablet=&#8220;100%&#8220; max_width_last_edited=&#8220;on|desktop&#8220; custom_margin=&#8220;0px|0px|0px|0px&#8220; custom_padding=&#8220;0px|0px|0px|0px&#8220; custom_css_main_element=&#8220;min-height: 400px;||height: 400px;&#8220; make_fullwidth=&#8220;on&#8220; _i=&#8220;1&#8243; _address=&#8220;1.1&#8243; column_structure=&#8220;1_2,1_4,1_4&#8243;][et_pb_column type=&#8220;1_2&#8243; _builder_version=&#8220;3.25&#8243; background_image=&#8220;https:\/\/www.chateau-calissanne.fr\/wp-content\/uploads\/2018\/03\/CALISSANNE_Proprietaire_3.jpg&#8220; background_repeat=&#8220;repeat&#8220; custom_padding=&#8220;0px|0px|0px|0px&#8220; padding_bottom=&#8220;0px&#8220; padding_left=&#8220;0px&#8220; padding_right=&#8220;0px&#8220; padding_top=&#8220;0px&#8220; bg_img=&#8220;https:\/\/www.chateau-calissanne.fr\/wp-content\/uploads\/2018\/03\/CALISSANNE_Proprietaire_3.jpg&#8220; _i=&#8220;0&#8243; _address=&#8220;1.1.0&#8243; custom_padding__hover=&#8220;|||&#8220;][\/et_pb_column][et_pb_column type=&#8220;1_4&#8243; _builder_version=&#8220;3.25&#8243; background_image=&#8220;https:\/\/www.chateau-calissanne.fr\/wp-content\/uploads\/2018\/03\/CALISSANNE_Proprietaire_1.jpg&#8220; custom_padding=&#8220;0px|0px|0px|0px&#8220; padding_bottom=&#8220;0px&#8220; padding_left=&#8220;0px&#8220; padding_right=&#8220;0px&#8220; padding_top=&#8220;0px&#8220; bg_img=&#8220;https:\/\/www.chateau-calissanne.fr\/wp-content\/uploads\/2018\/03\/CALISSANNE_Proprietaire_1.jpg&#8220; _i=&#8220;1&#8243; _address=&#8220;1.1.1&#8243; custom_padding__hover=&#8220;|||&#8220;][\/et_pb_column][et_pb_column type=&#8220;1_4&#8243; _builder_version=&#8220;3.25&#8243; background_image=&#8220;https:\/\/www.chateau-calissanne.fr\/wp-content\/uploads\/2018\/03\/CALISSANNE_Proprietaire_2.jpg&#8220; custom_padding=&#8220;0px|0px|0px|0px&#8220; padding_bottom=&#8220;0px&#8220; padding_left=&#8220;0px&#8220; padding_right=&#8220;0px&#8220; padding_top=&#8220;0px&#8220; bg_img=&#8220;https:\/\/www.chateau-calissanne.fr\/wp-content\/uploads\/2018\/03\/CALISSANNE_Proprietaire_2.jpg&#8220; _i=&#8220;2&#8243; _address=&#8220;1.1.2&#8243; custom_padding__hover=&#8220;|||&#8220;][et_pb_image align_tablet=&#8220;center&#8220; align_last_edited=&#8220;on|desktop&#8220; _builder_version=&#8220;3.23&#8243; _i=&#8220;0&#8243; _address=&#8220;1.1.2.0&#8243;][\/et_pb_image][\/et_pb_column][\/et_pb_row][\/et_pb_section]<\/p>\n","protected":false},"excerpt":{"rendered":"<p>Ein Familienbesitz 2001 kauft Philippe Kessler \u201eCh\u00e2teau Calissanne\u201c und trifft die Entscheidung, das Landgut mit seinen Weinanbaufl\u00e4chen und Olivenhainen wieder aufzuforsten, Erweiterungen vorzunehmen und die Weinkellerei mit ihren G\u00e4rungsf\u00e4ssern zu modernisieren, um dadurch die Qualit\u00e4t des Weins zu verbessern. Alle hierzu erforderlichen Arbeitsschritten werden mit gr\u00f6\u00dfter Sorgfalt und liebevoller Aufmerksamkeit angegangen.Heute setzen seine Ehefrau Sophie [&hellip;]<\/p>\n","protected":false},"author":2,"featured_media":0,"parent":4230,"menu_order":0,"comment_status":"closed","ping_status":"closed","template":"","meta":{"_acf_changed":false,"_et_pb_use_builder":"on","_et_pb_old_content":"","_et_gb_content_width":"","inline_featured_image":false,"footnotes":""},"class_list":["post-7797","page","type-page","status-publish","hentry"],"acf":[],"yoast_head":"<!-- This site is optimized with the Yoast SEO plugin v25.4 - https:\/\/yoast.com\/wordpress\/plugins\/seo\/ -->\n<title>schloss Weinerzeugung aus eigenem Anbau - Ch\u00e2teau Calissanne | Huiles &amp; Vins de Provence<\/title>\n<meta name=\"description\" content=\"Philippe Kessler acquiert \u00ab Ch\u00e2teau Calissanne \u00bb et d\u00e9cide de restructurer le domaine, tant le vignoble que les oliviers et d\u2019agrandir et de moderniser la cave de vinification et les chais de vieillissement afin d\u2019am\u00e9liorer la qualit\u00e9 des vins. Aujourd\u2019hui, son \u00e9pouse Sophie Kessler-Mati\u00e8re poursuit le travail.\" \/>\n<meta name=\"robots\" content=\"index, follow, max-snippet:-1, max-image-preview:large, max-video-preview:-1\" \/>\n<link rel=\"canonical\" href=\"https:\/\/www.chateau-calissanne.fr\/de\/schloss-calissanne\/weinerzeugung-aus-eigenem-anbau-2\/\" \/>\n<meta property=\"og:locale\" content=\"de_DE\" \/>\n<meta property=\"og:type\" content=\"article\" \/>\n<meta property=\"og:title\" content=\"schloss Weinerzeugung aus eigenem Anbau - Ch\u00e2teau Calissanne | Huiles &amp; Vins de Provence\" \/>\n<meta property=\"og:description\" content=\"Philippe Kessler acquiert \u00ab Ch\u00e2teau Calissanne \u00bb et d\u00e9cide de restructurer le domaine, tant le vignoble que les oliviers et d\u2019agrandir et de moderniser la cave de vinification et les chais de vieillissement afin d\u2019am\u00e9liorer la qualit\u00e9 des vins. Aujourd\u2019hui, son \u00e9pouse Sophie Kessler-Mati\u00e8re poursuit le travail.\" \/>\n<meta property=\"og:url\" content=\"https:\/\/www.chateau-calissanne.fr\/de\/schloss-calissanne\/weinerzeugung-aus-eigenem-anbau-2\/\" \/>\n<meta property=\"og:site_name\" content=\"Ch\u00e2teau Calissanne | Huiles &amp; Vins de Provence\" \/>\n<meta property=\"article:modified_time\" content=\"2020-01-08T17:06:40+00:00\" \/>\n<meta name=\"twitter:card\" content=\"summary_large_image\" \/>\n<meta name=\"twitter:label1\" content=\"Gesch\u00e4tzte Lesezeit\" \/>\n\t<meta name=\"twitter:data1\" content=\"4\u00a0Minuten\" \/>\n<script type=\"application\/ld+json\" class=\"yoast-schema-graph\">{\"@context\":\"https:\/\/schema.org\",\"@graph\":[{\"@type\":\"WebPage\",\"@id\":\"https:\/\/www.chateau-calissanne.fr\/de\/schloss-calissanne\/weinerzeugung-aus-eigenem-anbau-2\/\",\"url\":\"https:\/\/www.chateau-calissanne.fr\/de\/schloss-calissanne\/weinerzeugung-aus-eigenem-anbau-2\/\",\"name\":\"schloss Weinerzeugung aus eigenem Anbau - Ch\u00e2teau Calissanne | Huiles &amp; Vins de Provence\",\"isPartOf\":{\"@id\":\"https:\/\/www.chateau-calissanne.fr\/#website\"},\"datePublished\":\"2020-01-08T17:06:39+00:00\",\"dateModified\":\"2020-01-08T17:06:40+00:00\",\"description\":\"Philippe Kessler acquiert \u00ab Ch\u00e2teau Calissanne \u00bb et d\u00e9cide de restructurer le domaine, tant le vignoble que les oliviers et d\u2019agrandir et de moderniser la cave de vinification et les chais de vieillissement afin d\u2019am\u00e9liorer la qualit\u00e9 des vins. Aujourd\u2019hui, son \u00e9pouse Sophie Kessler-Mati\u00e8re poursuit le travail.\",\"breadcrumb\":{\"@id\":\"https:\/\/www.chateau-calissanne.fr\/de\/schloss-calissanne\/weinerzeugung-aus-eigenem-anbau-2\/#breadcrumb\"},\"inLanguage\":\"de\",\"potentialAction\":[{\"@type\":\"ReadAction\",\"target\":[\"https:\/\/www.chateau-calissanne.fr\/de\/schloss-calissanne\/weinerzeugung-aus-eigenem-anbau-2\/\"]}]},{\"@type\":\"BreadcrumbList\",\"@id\":\"https:\/\/www.chateau-calissanne.fr\/de\/schloss-calissanne\/weinerzeugung-aus-eigenem-anbau-2\/#breadcrumb\",\"itemListElement\":[{\"@type\":\"ListItem\",\"position\":1,\"name\":\"Accueil\",\"item\":\"https:\/\/www.chateau-calissanne.fr\/de\/\"},{\"@type\":\"ListItem\",\"position\":2,\"name\":\"Ch\u00e2teau Calissanne\",\"item\":\"https:\/\/www.chateau-calissanne.fr\/de\/schloss-calissanne\/\"},{\"@type\":\"ListItem\",\"position\":3,\"name\":\"schloss Weinerzeugung aus eigenem Anbau\"}]},{\"@type\":\"WebSite\",\"@id\":\"https:\/\/www.chateau-calissanne.fr\/#website\",\"url\":\"https:\/\/www.chateau-calissanne.fr\/\",\"name\":\"Ch\u00e2teau Calissanne | Huiles &amp; Vins de Provence\",\"description\":\"Huiles &amp; Vin de Provence\",\"publisher\":{\"@id\":\"https:\/\/www.chateau-calissanne.fr\/#organization\"},\"potentialAction\":[{\"@type\":\"SearchAction\",\"target\":{\"@type\":\"EntryPoint\",\"urlTemplate\":\"https:\/\/www.chateau-calissanne.fr\/?s={search_term_string}\"},\"query-input\":{\"@type\":\"PropertyValueSpecification\",\"valueRequired\":true,\"valueName\":\"search_term_string\"}}],\"inLanguage\":\"de\"},{\"@type\":\"Organization\",\"@id\":\"https:\/\/www.chateau-calissanne.fr\/#organization\",\"name\":\"Ch\u00e2teau Calissanne\",\"url\":\"https:\/\/www.chateau-calissanne.fr\/\",\"logo\":{\"@type\":\"ImageObject\",\"inLanguage\":\"de\",\"@id\":\"https:\/\/www.chateau-calissanne.fr\/#\/schema\/logo\/image\/\",\"url\":\"https:\/\/www.chateau-calissanne.fr\/wp-content\/uploads\/2021\/11\/chateau-calissanne-logo-calissanne.svg\",\"contentUrl\":\"https:\/\/www.chateau-calissanne.fr\/wp-content\/uploads\/2021\/11\/chateau-calissanne-logo-calissanne.svg\",\"width\":\"1024\",\"height\":\"1024\",\"caption\":\"Ch\u00e2teau Calissanne\"},\"image\":{\"@id\":\"https:\/\/www.chateau-calissanne.fr\/#\/schema\/logo\/image\/\"}}]}<\/script>\n<!-- \/ Yoast SEO plugin. -->","yoast_head_json":{"title":"schloss Weinerzeugung aus eigenem Anbau - Ch\u00e2teau Calissanne | Huiles &amp; Vins de Provence","description":"Philippe Kessler acquiert \u00ab Ch\u00e2teau Calissanne \u00bb et d\u00e9cide de restructurer le domaine, tant le vignoble que les oliviers et d\u2019agrandir et de moderniser la cave de vinification et les chais de vieillissement afin d\u2019am\u00e9liorer la qualit\u00e9 des vins. Aujourd\u2019hui, son \u00e9pouse Sophie Kessler-Mati\u00e8re poursuit le travail.","robots":{"index":"index","follow":"follow","max-snippet":"max-snippet:-1","max-image-preview":"max-image-preview:large","max-video-preview":"max-video-preview:-1"},"canonical":"https:\/\/www.chateau-calissanne.fr\/de\/schloss-calissanne\/weinerzeugung-aus-eigenem-anbau-2\/","og_locale":"de_DE","og_type":"article","og_title":"schloss Weinerzeugung aus eigenem Anbau - Ch\u00e2teau Calissanne | Huiles &amp; Vins de Provence","og_description":"Philippe Kessler acquiert \u00ab Ch\u00e2teau Calissanne \u00bb et d\u00e9cide de restructurer le domaine, tant le vignoble que les oliviers et d\u2019agrandir et de moderniser la cave de vinification et les chais de vieillissement afin d\u2019am\u00e9liorer la qualit\u00e9 des vins. Aujourd\u2019hui, son \u00e9pouse Sophie Kessler-Mati\u00e8re poursuit le travail.","og_url":"https:\/\/www.chateau-calissanne.fr\/de\/schloss-calissanne\/weinerzeugung-aus-eigenem-anbau-2\/","og_site_name":"Ch\u00e2teau Calissanne | Huiles &amp; Vins de Provence","article_modified_time":"2020-01-08T17:06:40+00:00","twitter_card":"summary_large_image","twitter_misc":{"Gesch\u00e4tzte Lesezeit":"4\u00a0Minuten"},"schema":{"@context":"https:\/\/schema.org","@graph":[{"@type":"WebPage","@id":"https:\/\/www.chateau-calissanne.fr\/de\/schloss-calissanne\/weinerzeugung-aus-eigenem-anbau-2\/","url":"https:\/\/www.chateau-calissanne.fr\/de\/schloss-calissanne\/weinerzeugung-aus-eigenem-anbau-2\/","name":"schloss Weinerzeugung aus eigenem Anbau - Ch\u00e2teau Calissanne | Huiles &amp; Vins de Provence","isPartOf":{"@id":"https:\/\/www.chateau-calissanne.fr\/#website"},"datePublished":"2020-01-08T17:06:39+00:00","dateModified":"2020-01-08T17:06:40+00:00","description":"Philippe Kessler acquiert \u00ab Ch\u00e2teau Calissanne \u00bb et d\u00e9cide de restructurer le domaine, tant le vignoble que les oliviers et d\u2019agrandir et de moderniser la cave de vinification et les chais de vieillissement afin d\u2019am\u00e9liorer la qualit\u00e9 des vins. Aujourd\u2019hui, son \u00e9pouse Sophie Kessler-Mati\u00e8re poursuit le travail.","breadcrumb":{"@id":"https:\/\/www.chateau-calissanne.fr\/de\/schloss-calissanne\/weinerzeugung-aus-eigenem-anbau-2\/#breadcrumb"},"inLanguage":"de","potentialAction":[{"@type":"ReadAction","target":["https:\/\/www.chateau-calissanne.fr\/de\/schloss-calissanne\/weinerzeugung-aus-eigenem-anbau-2\/"]}]},{"@type":"BreadcrumbList","@id":"https:\/\/www.chateau-calissanne.fr\/de\/schloss-calissanne\/weinerzeugung-aus-eigenem-anbau-2\/#breadcrumb","itemListElement":[{"@type":"ListItem","position":1,"name":"Accueil","item":"https:\/\/www.chateau-calissanne.fr\/de\/"},{"@type":"ListItem","position":2,"name":"Ch\u00e2teau Calissanne","item":"https:\/\/www.chateau-calissanne.fr\/de\/schloss-calissanne\/"},{"@type":"ListItem","position":3,"name":"schloss Weinerzeugung aus eigenem Anbau"}]},{"@type":"WebSite","@id":"https:\/\/www.chateau-calissanne.fr\/#website","url":"https:\/\/www.chateau-calissanne.fr\/","name":"Ch\u00e2teau Calissanne | Huiles &amp; Vins de Provence","description":"Huiles &amp; Vin de Provence","publisher":{"@id":"https:\/\/www.chateau-calissanne.fr\/#organization"},"potentialAction":[{"@type":"SearchAction","target":{"@type":"EntryPoint","urlTemplate":"https:\/\/www.chateau-calissanne.fr\/?s={search_term_string}"},"query-input":{"@type":"PropertyValueSpecification","valueRequired":true,"valueName":"search_term_string"}}],"inLanguage":"de"},{"@type":"Organization","@id":"https:\/\/www.chateau-calissanne.fr\/#organization","name":"Ch\u00e2teau Calissanne","url":"https:\/\/www.chateau-calissanne.fr\/","logo":{"@type":"ImageObject","inLanguage":"de","@id":"https:\/\/www.chateau-calissanne.fr\/#\/schema\/logo\/image\/","url":"https:\/\/www.chateau-calissanne.fr\/wp-content\/uploads\/2021\/11\/chateau-calissanne-logo-calissanne.svg","contentUrl":"https:\/\/www.chateau-calissanne.fr\/wp-content\/uploads\/2021\/11\/chateau-calissanne-logo-calissanne.svg","width":"1024","height":"1024","caption":"Ch\u00e2teau Calissanne"},"image":{"@id":"https:\/\/www.chateau-calissanne.fr\/#\/schema\/logo\/image\/"}}]}},"_links":{"self":[{"href":"https:\/\/www.chateau-calissanne.fr\/de\/wp-json\/wp\/v2\/pages\/7797","targetHints":{"allow":["GET"]}}],"collection":[{"href":"https:\/\/www.chateau-calissanne.fr\/de\/wp-json\/wp\/v2\/pages"}],"about":[{"href":"https:\/\/www.chateau-calissanne.fr\/de\/wp-json\/wp\/v2\/types\/page"}],"author":[{"embeddable":true,"href":"https:\/\/www.chateau-calissanne.fr\/de\/wp-json\/wp\/v2\/users\/2"}],"replies":[{"embeddable":true,"href":"https:\/\/www.chateau-calissanne.fr\/de\/wp-json\/wp\/v2\/comments?post=7797"}],"version-history":[{"count":1,"href":"https:\/\/www.chateau-calissanne.fr\/de\/wp-json\/wp\/v2\/pages\/7797\/revisions"}],"predecessor-version":[{"id":8885,"href":"https:\/\/www.chateau-calissanne.fr\/de\/wp-json\/wp\/v2\/pages\/7797\/revisions\/8885"}],"up":[{"embeddable":true,"href":"https:\/\/www.chateau-calissanne.fr\/de\/wp-json\/wp\/v2\/pages\/4230"}],"wp:attachment":[{"href":"https:\/\/www.chateau-calissanne.fr\/de\/wp-json\/wp\/v2\/media?parent=7797"}],"curies":[{"name":"wp","href":"https:\/\/api.w.org\/{rel}","templated":true}]}}