{"id":3091,"date":"2018-02-12T17:25:21","date_gmt":"2018-02-12T16:25:21","guid":{"rendered":"https:\/\/www.chateau-calissanne.fr\/the-estate\/cultures-cerealieres\/"},"modified":"2018-04-13T15:30:05","modified_gmt":"2018-04-13T13:30:05","slug":"cereal-crops","status":"publish","type":"page","link":"https:\/\/www.chateau-calissanne.fr\/en\/chateau-calissanne\/cereal-crops\/","title":{"rendered":"Cereal Crops"},"content":{"rendered":"<p>[et_pb_section fb_built=&#8221;1&#8243; fullwidth=&#8221;on&#8221; _builder_version=&#8221;3.0.101&#8243; custom_padding=&#8221;0px|0px|0px|0px&#8221;][et_pb_fullwidth_slider show_arrows=&#8221;off&#8221; show_pagination=&#8221;off&#8221; admin_label=&#8221;Curseur de d\u00e9filement plein \u00e9cran&#8221; _builder_version=&#8221;3.0.106&#8243; custom_padding=&#8221;15em||10em|&#8221;][et_pb_slide heading=&#8221;Cereal crops&#8221; use_bg_overlay=&#8221;on&#8221; bg_overlay_color=&#8221;rgba(0,0,0,0.3)&#8221; use_text_overlay=&#8221;off&#8221; _builder_version=&#8221;3.0.106&#8243; background_image=&#8221;https:\/\/www.chateau-calissanne.fr\/wp-content\/uploads\/2018\/03\/CALISSANNE_BandeauLuzerne.jpg&#8221; custom_button=&#8221;off&#8221; button_on_hover=&#8221;on&#8221;]<\/p>\n<p>To provide quality food\/feed and utilise the estate\u2019s southern land.<\/p>\n<p>[\/et_pb_slide][\/et_pb_fullwidth_slider][\/et_pb_section][et_pb_section fb_built=&#8221;1&#8243; background_color=&#8221;#ece9e6&#8243; custom_padding_last_edited=&#8221;on|desktop&#8221; _builder_version=&#8221;3.0.106&#8243; custom_margin_phone=&#8221;0px|||&#8221; custom_margin_last_edited=&#8221;off|desktop&#8221; custom_padding=&#8221;|10%|33px|10%&#8221; custom_padding_phone=&#8221;0px|0px|0px|0px&#8221;][et_pb_row custom_padding=&#8221;27px|0px|27px|0px&#8221; padding_right_1=&#8221;6%&#8221; padding_left_1=&#8221;6%&#8221; _builder_version=&#8221;3.0.106&#8243;][et_pb_column type=&#8221;4_4&#8243; _builder_version=&#8221;3.0.47&#8243; padding_left=&#8221;6%&#8221; padding_right=&#8221;6%&#8221; parallax=&#8221;off&#8221; parallax_method=&#8221;on&#8221;][et_pb_text _builder_version=&#8221;3.0.106&#8243; header_font=&#8221;||||||||&#8221; header_4_font=&#8221;||||||||&#8221; header_4_font_size_phone=&#8221;20px&#8221; header_4_font_size_last_edited=&#8221;on|desktop&#8221;]<\/p>\n<h4 style=\"text-align: center;\">We have developed a cereal-crop programme to redynamise the production of wheat, forage and lucerne. These crops play an active role in biodiversity at Ch\u00e2teau Calissanne.<\/h4>\n<p>[\/et_pb_text][\/et_pb_column][\/et_pb_row][\/et_pb_section][et_pb_section fb_built=&#8221;1&#8243; custom_padding_last_edited=&#8221;on|desktop&#8221; _builder_version=&#8221;3.0.106&#8243; custom_padding=&#8221;38px|0px|54px|0px&#8221; custom_padding_phone=&#8221;15px|0px|54px|0px&#8221;][et_pb_row _builder_version=&#8221;3.0.47&#8243; background_size=&#8221;initial&#8221; background_position=&#8221;top_left&#8221; background_repeat=&#8221;repeat&#8221;][et_pb_column type=&#8221;1_3&#8243; _builder_version=&#8221;3.0.47&#8243; parallax=&#8221;off&#8221; parallax_method=&#8221;on&#8221;][et_pb_image src=&#8221;https:\/\/www.chateau-calissanne.fr\/wp-content\/uploads\/2018\/03\/CALISSANNE_NutritionMediterraneenneProvence2.jpg&#8221; show_in_lightbox=&#8221;on&#8221; align=&#8221;center&#8221; _builder_version=&#8221;3.0.106&#8243; max_width=&#8221;63%&#8221;][\/et_pb_image][\/et_pb_column][et_pb_column type=&#8221;1_3&#8243; _builder_version=&#8221;3.0.47&#8243; parallax=&#8221;off&#8221; parallax_method=&#8221;on&#8221;][et_pb_text admin_label=&#8221;Cultures c\u00e9r\u00e9ali\u00e8res&#8221; _builder_version=&#8221;3.0.101&#8243;]<\/p>\n<p style=\"text-align: justify;\">Certes la culture de la vigne et de l\u2019olivier restent notre raison d\u2019\u00eatre \u00e9conomique \u00e0 Calissanne mais nous sommes heureux dans le sol plus pauvre au sud et plus plat de cultiver du bl\u00e9 dur d\u2019hivers, des fourrages, luzerne de qualit\u00e9, vesce, ray-grass.<\/p>\n<p>[\/et_pb_text][\/et_pb_column][et_pb_column type=&#8221;1_3&#8243; _builder_version=&#8221;3.0.47&#8243; parallax=&#8221;off&#8221; parallax_method=&#8221;on&#8221;][et_pb_text _builder_version=&#8221;3.0.106&#8243;]<\/p>\n<p style=\"text-align: justify;\">Nous croyons \u00e0 l\u2019importance du maintien des cultures c\u00e9r\u00e9ali\u00e8res dans le tissu local et \u00e0 la r\u00e9introduction des foins et c\u00e9r\u00e9ales de qualit\u00e9. L\u2019ensemble est conduit en mode de culture <a href=\"http:\/\/xn--nutritionmediterrane-t2b.com\/2\/\">Nutrition M\u00e9diterran\u00e9e<\/a> en Provence.<\/p>\n<p>[\/et_pb_text][\/et_pb_column][\/et_pb_row][\/et_pb_section]<\/p>\n","protected":false},"excerpt":{"rendered":"<p>To provide quality food\/feed and utilise the estate\u2019s southern land. We have developed a cereal-crop programme to redynamise the production of wheat, forage and lucerne. These crops play an active role in biodiversity at Ch\u00e2teau Calissanne. Certes la culture de la vigne et de l\u2019olivier restent notre raison d\u2019\u00eatre \u00e9conomique \u00e0 Calissanne mais nous sommes [&hellip;]<\/p>\n","protected":false},"author":1,"featured_media":0,"parent":3000,"menu_order":0,"comment_status":"closed","ping_status":"closed","template":"","meta":{"_acf_changed":false,"_et_pb_use_builder":"on","_et_pb_old_content":"","_et_gb_content_width":"","inline_featured_image":false,"footnotes":""},"class_list":["post-3091","page","type-page","status-publish","hentry"],"acf":[],"yoast_head":"<!-- This site is optimized with the Yoast SEO plugin v25.4 - https:\/\/yoast.com\/wordpress\/plugins\/seo\/ -->\n<title>Ch\u00e2teau Calissanne - Cereal Crops - Biodiversity and land<\/title>\n<meta name=\"description\" content=\"Cereal Crops from Ch\u00e2teau Calissanne : to provide quality food\/feed. We have developed a cereal-crop programme to redynamise the production of wheat, forage and lucerne. These crops play an active role in biodiversity at Ch\u00e2teau Calissanne.\" \/>\n<meta name=\"robots\" content=\"index, follow, max-snippet:-1, max-image-preview:large, max-video-preview:-1\" \/>\n<link rel=\"canonical\" href=\"https:\/\/www.chateau-calissanne.fr\/en\/chateau-calissanne\/cereal-crops\/\" \/>\n<meta property=\"og:locale\" content=\"en_US\" \/>\n<meta property=\"og:type\" content=\"article\" \/>\n<meta property=\"og:title\" content=\"Ch\u00e2teau Calissanne - Cereal Crops - Biodiversity and land\" \/>\n<meta property=\"og:description\" content=\"Cereal Crops from Ch\u00e2teau Calissanne : to provide quality food\/feed. We have developed a cereal-crop programme to redynamise the production of wheat, forage and lucerne. These crops play an active role in biodiversity at Ch\u00e2teau Calissanne.\" \/>\n<meta property=\"og:url\" content=\"https:\/\/www.chateau-calissanne.fr\/en\/chateau-calissanne\/cereal-crops\/\" \/>\n<meta property=\"og:site_name\" content=\"Ch\u00e2teau Calissanne | Huiles &amp; Vins de Provence\" \/>\n<meta property=\"article:modified_time\" content=\"2018-04-13T13:30:05+00:00\" \/>\n<meta name=\"twitter:card\" content=\"summary_large_image\" \/>\n<meta name=\"twitter:label1\" content=\"Est. reading time\" \/>\n\t<meta name=\"twitter:data1\" content=\"2 minutes\" \/>\n<script type=\"application\/ld+json\" class=\"yoast-schema-graph\">{\"@context\":\"https:\/\/schema.org\",\"@graph\":[{\"@type\":\"WebPage\",\"@id\":\"https:\/\/www.chateau-calissanne.fr\/en\/chateau-calissanne\/cereal-crops\/\",\"url\":\"https:\/\/www.chateau-calissanne.fr\/en\/chateau-calissanne\/cereal-crops\/\",\"name\":\"Ch\u00e2teau Calissanne - Cereal Crops - Biodiversity and land\",\"isPartOf\":{\"@id\":\"https:\/\/www.chateau-calissanne.fr\/#website\"},\"datePublished\":\"2018-02-12T16:25:21+00:00\",\"dateModified\":\"2018-04-13T13:30:05+00:00\",\"description\":\"Cereal Crops from Ch\u00e2teau Calissanne : to provide quality food\/feed. We have developed a cereal-crop programme to redynamise the production of wheat, forage and lucerne. These crops play an active role in biodiversity at Ch\u00e2teau Calissanne.\",\"breadcrumb\":{\"@id\":\"https:\/\/www.chateau-calissanne.fr\/en\/chateau-calissanne\/cereal-crops\/#breadcrumb\"},\"inLanguage\":\"en-US\",\"potentialAction\":[{\"@type\":\"ReadAction\",\"target\":[\"https:\/\/www.chateau-calissanne.fr\/en\/chateau-calissanne\/cereal-crops\/\"]}]},{\"@type\":\"BreadcrumbList\",\"@id\":\"https:\/\/www.chateau-calissanne.fr\/en\/chateau-calissanne\/cereal-crops\/#breadcrumb\",\"itemListElement\":[{\"@type\":\"ListItem\",\"position\":1,\"name\":\"Accueil\",\"item\":\"https:\/\/www.chateau-calissanne.fr\/en\/\"},{\"@type\":\"ListItem\",\"position\":2,\"name\":\"Ch\u00e2teau Calissanne\",\"item\":\"https:\/\/www.chateau-calissanne.fr\/en\/chateau-calissanne\/\"},{\"@type\":\"ListItem\",\"position\":3,\"name\":\"Cereal Crops\"}]},{\"@type\":\"WebSite\",\"@id\":\"https:\/\/www.chateau-calissanne.fr\/#website\",\"url\":\"https:\/\/www.chateau-calissanne.fr\/\",\"name\":\"Ch\u00e2teau Calissanne | Huiles &amp; Vins de Provence\",\"description\":\"Huiles &amp; Vin de Provence\",\"publisher\":{\"@id\":\"https:\/\/www.chateau-calissanne.fr\/#organization\"},\"potentialAction\":[{\"@type\":\"SearchAction\",\"target\":{\"@type\":\"EntryPoint\",\"urlTemplate\":\"https:\/\/www.chateau-calissanne.fr\/?s={search_term_string}\"},\"query-input\":{\"@type\":\"PropertyValueSpecification\",\"valueRequired\":true,\"valueName\":\"search_term_string\"}}],\"inLanguage\":\"en-US\"},{\"@type\":\"Organization\",\"@id\":\"https:\/\/www.chateau-calissanne.fr\/#organization\",\"name\":\"Ch\u00e2teau Calissanne\",\"url\":\"https:\/\/www.chateau-calissanne.fr\/\",\"logo\":{\"@type\":\"ImageObject\",\"inLanguage\":\"en-US\",\"@id\":\"https:\/\/www.chateau-calissanne.fr\/#\/schema\/logo\/image\/\",\"url\":\"https:\/\/www.chateau-calissanne.fr\/wp-content\/uploads\/2021\/11\/chateau-calissanne-logo-calissanne.svg\",\"contentUrl\":\"https:\/\/www.chateau-calissanne.fr\/wp-content\/uploads\/2021\/11\/chateau-calissanne-logo-calissanne.svg\",\"width\":\"1024\",\"height\":\"1024\",\"caption\":\"Ch\u00e2teau Calissanne\"},\"image\":{\"@id\":\"https:\/\/www.chateau-calissanne.fr\/#\/schema\/logo\/image\/\"}}]}<\/script>\n<!-- \/ Yoast SEO plugin. -->","yoast_head_json":{"title":"Ch\u00e2teau Calissanne - Cereal Crops - Biodiversity and land","description":"Cereal Crops from Ch\u00e2teau Calissanne : to provide quality food\/feed. We have developed a cereal-crop programme to redynamise the production of wheat, forage and lucerne. These crops play an active role in biodiversity at Ch\u00e2teau Calissanne.","robots":{"index":"index","follow":"follow","max-snippet":"max-snippet:-1","max-image-preview":"max-image-preview:large","max-video-preview":"max-video-preview:-1"},"canonical":"https:\/\/www.chateau-calissanne.fr\/en\/chateau-calissanne\/cereal-crops\/","og_locale":"en_US","og_type":"article","og_title":"Ch\u00e2teau Calissanne - Cereal Crops - Biodiversity and land","og_description":"Cereal Crops from Ch\u00e2teau Calissanne : to provide quality food\/feed. We have developed a cereal-crop programme to redynamise the production of wheat, forage and lucerne. These crops play an active role in biodiversity at Ch\u00e2teau Calissanne.","og_url":"https:\/\/www.chateau-calissanne.fr\/en\/chateau-calissanne\/cereal-crops\/","og_site_name":"Ch\u00e2teau Calissanne | Huiles &amp; Vins de Provence","article_modified_time":"2018-04-13T13:30:05+00:00","twitter_card":"summary_large_image","twitter_misc":{"Est. reading time":"2 minutes"},"schema":{"@context":"https:\/\/schema.org","@graph":[{"@type":"WebPage","@id":"https:\/\/www.chateau-calissanne.fr\/en\/chateau-calissanne\/cereal-crops\/","url":"https:\/\/www.chateau-calissanne.fr\/en\/chateau-calissanne\/cereal-crops\/","name":"Ch\u00e2teau Calissanne - Cereal Crops - Biodiversity and land","isPartOf":{"@id":"https:\/\/www.chateau-calissanne.fr\/#website"},"datePublished":"2018-02-12T16:25:21+00:00","dateModified":"2018-04-13T13:30:05+00:00","description":"Cereal Crops from Ch\u00e2teau Calissanne : to provide quality food\/feed. We have developed a cereal-crop programme to redynamise the production of wheat, forage and lucerne. These crops play an active role in biodiversity at Ch\u00e2teau Calissanne.","breadcrumb":{"@id":"https:\/\/www.chateau-calissanne.fr\/en\/chateau-calissanne\/cereal-crops\/#breadcrumb"},"inLanguage":"en-US","potentialAction":[{"@type":"ReadAction","target":["https:\/\/www.chateau-calissanne.fr\/en\/chateau-calissanne\/cereal-crops\/"]}]},{"@type":"BreadcrumbList","@id":"https:\/\/www.chateau-calissanne.fr\/en\/chateau-calissanne\/cereal-crops\/#breadcrumb","itemListElement":[{"@type":"ListItem","position":1,"name":"Accueil","item":"https:\/\/www.chateau-calissanne.fr\/en\/"},{"@type":"ListItem","position":2,"name":"Ch\u00e2teau Calissanne","item":"https:\/\/www.chateau-calissanne.fr\/en\/chateau-calissanne\/"},{"@type":"ListItem","position":3,"name":"Cereal Crops"}]},{"@type":"WebSite","@id":"https:\/\/www.chateau-calissanne.fr\/#website","url":"https:\/\/www.chateau-calissanne.fr\/","name":"Ch\u00e2teau Calissanne | Huiles &amp; Vins de Provence","description":"Huiles &amp; Vin de Provence","publisher":{"@id":"https:\/\/www.chateau-calissanne.fr\/#organization"},"potentialAction":[{"@type":"SearchAction","target":{"@type":"EntryPoint","urlTemplate":"https:\/\/www.chateau-calissanne.fr\/?s={search_term_string}"},"query-input":{"@type":"PropertyValueSpecification","valueRequired":true,"valueName":"search_term_string"}}],"inLanguage":"en-US"},{"@type":"Organization","@id":"https:\/\/www.chateau-calissanne.fr\/#organization","name":"Ch\u00e2teau Calissanne","url":"https:\/\/www.chateau-calissanne.fr\/","logo":{"@type":"ImageObject","inLanguage":"en-US","@id":"https:\/\/www.chateau-calissanne.fr\/#\/schema\/logo\/image\/","url":"https:\/\/www.chateau-calissanne.fr\/wp-content\/uploads\/2021\/11\/chateau-calissanne-logo-calissanne.svg","contentUrl":"https:\/\/www.chateau-calissanne.fr\/wp-content\/uploads\/2021\/11\/chateau-calissanne-logo-calissanne.svg","width":"1024","height":"1024","caption":"Ch\u00e2teau Calissanne"},"image":{"@id":"https:\/\/www.chateau-calissanne.fr\/#\/schema\/logo\/image\/"}}]}},"_links":{"self":[{"href":"https:\/\/www.chateau-calissanne.fr\/en\/wp-json\/wp\/v2\/pages\/3091","targetHints":{"allow":["GET"]}}],"collection":[{"href":"https:\/\/www.chateau-calissanne.fr\/en\/wp-json\/wp\/v2\/pages"}],"about":[{"href":"https:\/\/www.chateau-calissanne.fr\/en\/wp-json\/wp\/v2\/types\/page"}],"author":[{"embeddable":true,"href":"https:\/\/www.chateau-calissanne.fr\/en\/wp-json\/wp\/v2\/users\/1"}],"replies":[{"embeddable":true,"href":"https:\/\/www.chateau-calissanne.fr\/en\/wp-json\/wp\/v2\/comments?post=3091"}],"version-history":[{"count":5,"href":"https:\/\/www.chateau-calissanne.fr\/en\/wp-json\/wp\/v2\/pages\/3091\/revisions"}],"predecessor-version":[{"id":3226,"href":"https:\/\/www.chateau-calissanne.fr\/en\/wp-json\/wp\/v2\/pages\/3091\/revisions\/3226"}],"up":[{"embeddable":true,"href":"https:\/\/www.chateau-calissanne.fr\/en\/wp-json\/wp\/v2\/pages\/3000"}],"wp:attachment":[{"href":"https:\/\/www.chateau-calissanne.fr\/en\/wp-json\/wp\/v2\/media?parent=3091"}],"curies":[{"name":"wp","href":"https:\/\/api.w.org\/{rel}","templated":true}]}}